{"id":1018,"date":"2018-03-21T14:42:40","date_gmt":"2018-03-21T14:42:40","guid":{"rendered":"https:\/\/www.bowier-trust.org\/?page_id=1018"},"modified":"2022-02-22T21:06:39","modified_gmt":"2022-02-22T20:06:39","slug":"e-learning-klassenunterricht-internet-basiertes-fernstudium","status":"publish","type":"page","link":"https:\/\/www.bowier-trust.org\/en_us\/projects\/inside-liberia\/e-learning-klassenunterricht-internet-basiertes-fernstudium\/","title":{"rendered":"E-Learning Class-Teaching \/ Internet based Distance Learning"},"content":{"rendered":"<div data-elementor-type=\"wp-page\" data-elementor-id=\"1018\" class=\"elementor elementor-1018\" data-elementor-post-type=\"page\">\n\t\t\t\t\t\t<section class=\"elementor-section elementor-top-section elementor-element elementor-element-367cdc95 elementor-section-boxed elementor-section-height-default elementor-section-height-default\" data-id=\"367cdc95\" data-element_type=\"section\" data-e-type=\"section\">\n\t\t\t\t\t\t<div class=\"elementor-container elementor-column-gap-default\">\n\t\t\t\t\t<div class=\"elementor-column elementor-col-100 elementor-top-column elementor-element elementor-element-4a0ae46a\" data-id=\"4a0ae46a\" data-element_type=\"column\" data-e-type=\"column\">\n\t\t\t<div class=\"elementor-widget-wrap elementor-element-populated\">\n\t\t\t\t\t\t<div class=\"elementor-element elementor-element-b8bf84c elementor-widget elementor-widget-heading\" data-id=\"b8bf84c\" data-element_type=\"widget\" data-e-type=\"widget\" data-widget_type=\"heading.default\">\n\t\t\t\t<div class=\"elementor-widget-container\">\n\t\t\t\t\t<h2 class=\"elementor-heading-title elementor-size-default\">E-Learning Class-Teaching \/ Internet based Distance Learning<\/h2>\t\t\t\t<\/div>\n\t\t\t\t<\/div>\n\t\t\t\t<div class=\"elementor-element elementor-element-423d6c7e elementor-widget elementor-widget-text-editor\" data-id=\"423d6c7e\" data-element_type=\"widget\" data-e-type=\"widget\" data-widget_type=\"text-editor.default\">\n\t\t\t\t<div class=\"elementor-widget-container\">\n\t\t\t\t\t\t\t\t\t<h3>Distance Learning Course in Monrovia (DLCM)<\/h3><p>Organizer: Bowier Trust Foundation Switzerland<\/p><p>Target group: The BTFS team in Monrovia<\/p><p>Topic: Capacity building for NGOs working in civil society<\/p><p>Training team: Dr. Burkhard Luber and local trainers<\/p><p>Learning approach: inputs via study emails, online learning materials and electronic communication during the course.<\/p><p>Duration: One year with monthly learning cycle<\/p><hr \/><h3><strong>Concept<\/strong><\/h3><p>Using email-based learning units, online learning materials, and online interaction between the teaching team and course participants, this course provides an introduction to the main topics of international conflict analysis and peacebuilding, as well as the working elements of non-governmental organizations in Liberian civil society. The course therefore consists of two major topics:<\/p><h3>Course Section A covers the following topics:<\/h3><ul><li>How to understand international conflicts<\/li><li>The main elements of international peacebuilding<\/li><\/ul><h3>Course Section B covers the following topics:<\/h3><ul><li>Work issues and intra-organizational challenges for NGOs as civil society actors<\/li><li>NGOs as partners for government agencies<\/li><li>Security and Rule of Law as Elements of NGO Work<\/li><\/ul><h3>Approach to learning<\/h3><p>The course inputs consist of 12 written learning units (about 10 pages each) sent by the teaching team to the course participants via electronic circular email (one per month), combined with additional corresponding online material and accompanying communication between the course participants and the course instructors. The course inputs include introductory and explanatory texts with a focus on website links that need to be followed up by the course participants. Each course unit is concluded with a homework assignment that allows participants to check their knowledge and learning progress. Parallel to the basic learning material of the course, participants receive additional online materials (links) via email on the topics of the course sections A and B described above.<\/p><h3>What participants will learn in this course<\/h3><h3>In the course section A:<\/h3><ul><li>The main tools for analyzing international conflicts<\/li><li>Identification of actors in international politics: states, multinational corporations, NGOs.<\/li><li>Addressing international conflicts (territory, ideology, power) and the factors that destabilize peace: The nuclear arms race, the dangerous militarization of society and culture, the international arms trade<\/li><li>The special problem of modern asymmetric warfare and civil wars<\/li><li>Elements of international peacebuilding: conflict de-escalation, disarmament, demilitarization, overcoming enemy images and win-lose thinking, confidence-building tools, approaches for sustainable peaceful post-war societies.<\/li><\/ul><h3>In the course section B:<\/h3><ul><li>Key elements of sustainable civil society such as democracy and human rights, financial transparency, anti-corruption mechanisms, accountability systems<\/li><li>The importance of security, constitution and law for civil society<\/li><li>The work priorities of NGOs and how to achieve them effectively and sustainably: Democratic and efficient ways of communicating within the NGO, tools for problem solving within the organization, effective public relations strategies, aspects of fundraising.<\/li><li>The \"how\" for cooperative interaction and communication between NGOs, government agencies, and other civil society actors (such as religion and business), including trust building between key stakeholders in society and the security sector\/police.<\/li><\/ul><h3>Technical requirements\u00a0<\/h3><ul><li>Electronic device for sending and receiving e-mails and surfing the Internet (PC, notebook, tablet or smartphone) or, alternatively, via online access at NGO offices or academic institutions.<\/li><li>E-Mail-Address<\/li><li>Smartphone number for communication via the WhatsApp software<\/li><\/ul><h3>Expectations of the participants of the course<\/h3><p>Dedicated focus on the course. Continuous daily work with the course units, especially working on the web links in the course material and completing homework assignments. Actively interacting in the course with other students and the teaching team via email.<\/p><h3>Fee:<\/h3><p>None<\/p><h3><strong><em>Certificate: <\/em><\/strong><\/h3><p>Participants who have completed the entire course will receive a certificate from BTFS<\/p><hr \/><h3>About the Course Instructor Team:<\/h3><h3>Dr Burkhard Luber<\/h3><p>MA in International Politics, PhD in Peace Studies. Currently an academic teacher of international politics at various international universities. Member of the editorial board of the international journal \"The Milieu\". Mentor with the NGO empowerment network \"Wedu\" in Southeast Asia.<\/p><h3>Local trainers based in Monrovia<\/h3>\t\t\t\t\t\t\t\t<\/div>\n\t\t\t\t<\/div>\n\t\t\t\t\t<\/div>\n\t\t<\/div>\n\t\t\t\t\t<\/div>\n\t\t<\/section>\n\t\t\t\t<\/div>","protected":false},"excerpt":{"rendered":"<p>E-Learning Klassenunterricht \/ Internet basiertes Fernstudium Fernlehrgang in Monrovia (DLCM) Organisator: Bowier Trust Stiftung Schweiz Zielgruppe: Das BTFS-Team in Monrovia Thema: Capacity Building f\u00fcr NGOs, die in der Zivilgesellschaft t\u00e4tig sind Ausbildungsteam: Dr. Burkhard Luber und lokale Ausbilder Lernansatz: Inputs \u00fcber Studien-E-Mails, Online-Lernmaterial und elektronische Kommunikation w\u00e4hrend des Kurses Dauer: Ein Jahr mit monatlichem Lernzyklus [&hellip;]<\/p>\n","protected":false},"author":3,"featured_media":964,"parent":847,"menu_order":0,"comment_status":"closed","ping_status":"closed","template":"elementor_header_footer","meta":{"give_campaign_id":0,"_monsterinsights_skip_tracking":false,"_monsterinsights_sitenote_active":false,"_monsterinsights_sitenote_note":"","_monsterinsights_sitenote_category":0,"footnotes":""},"class_list":["post-1018","page","type-page","status-publish","has-post-thumbnail","hentry"],"yoast_head":"<!-- This site is optimized with the Yoast SEO plugin v27.4 - https:\/\/yoast.com\/product\/yoast-seo-wordpress\/ -->\n<title>E-Learning Klassenunterricht \/ Internet basiertes Fernstudium - Bowier Trust Foundation Switzerland<\/title>\n<meta name=\"robots\" content=\"index, follow, max-snippet:-1, max-image-preview:large, max-video-preview:-1\" \/>\n<link rel=\"canonical\" href=\"https:\/\/www.bowier-trust.org\/en_us\/projects\/inside-liberia\/e-learning-klassenunterricht-internet-basiertes-fernstudium\/\" \/>\n<meta property=\"og:locale\" content=\"en_US\" \/>\n<meta property=\"og:type\" content=\"article\" \/>\n<meta property=\"og:title\" content=\"E-Learning Klassenunterricht \/ Internet basiertes Fernstudium - Bowier Trust Foundation Switzerland\" \/>\n<meta property=\"og:description\" content=\"E-Learning Klassenunterricht \/ Internet basiertes Fernstudium Fernlehrgang in Monrovia (DLCM) Organisator: Bowier Trust Stiftung Schweiz Zielgruppe: Das BTFS-Team in Monrovia Thema: Capacity Building f\u00fcr NGOs, die in der Zivilgesellschaft t\u00e4tig sind Ausbildungsteam: Dr. Burkhard Luber und lokale Ausbilder Lernansatz: Inputs \u00fcber Studien-E-Mails, Online-Lernmaterial und elektronische Kommunikation w\u00e4hrend des Kurses Dauer: Ein Jahr mit monatlichem Lernzyklus [&hellip;]\" \/>\n<meta property=\"og:url\" content=\"https:\/\/www.bowier-trust.org\/en_us\/projects\/inside-liberia\/e-learning-klassenunterricht-internet-basiertes-fernstudium\/\" \/>\n<meta property=\"og:site_name\" content=\"Bowier Trust Foundation Switzerland\" \/>\n<meta property=\"article:modified_time\" content=\"2022-02-22T20:06:39+00:00\" \/>\n<meta property=\"og:image\" content=\"https:\/\/www.bowier-trust.org\/wp-content\/uploads\/2018\/02\/Welcome_Inside-Liberia.jpg\" \/>\n\t<meta property=\"og:image:width\" content=\"920\" \/>\n\t<meta property=\"og:image:height\" content=\"269\" \/>\n\t<meta property=\"og:image:type\" content=\"image\/jpeg\" \/>\n<meta name=\"twitter:card\" content=\"summary_large_image\" \/>\n<meta name=\"twitter:label1\" content=\"Est. reading time\" \/>\n\t<meta name=\"twitter:data1\" content=\"4 minutes\" \/>\n<script type=\"application\/ld+json\" class=\"yoast-schema-graph\">{\"@context\":\"https:\\\/\\\/schema.org\",\"@graph\":[{\"@type\":\"WebPage\",\"@id\":\"https:\\\/\\\/www.bowier-trust.org\\\/projects\\\/inside-liberia\\\/e-learning-klassenunterricht-internet-basiertes-fernstudium\\\/\",\"url\":\"https:\\\/\\\/www.bowier-trust.org\\\/projects\\\/inside-liberia\\\/e-learning-klassenunterricht-internet-basiertes-fernstudium\\\/\",\"name\":\"E-Learning Klassenunterricht \\\/ Internet basiertes Fernstudium - Bowier Trust Foundation Switzerland\",\"isPartOf\":{\"@id\":\"https:\\\/\\\/www.bowier-trust.org\\\/#website\"},\"primaryImageOfPage\":{\"@id\":\"https:\\\/\\\/www.bowier-trust.org\\\/projects\\\/inside-liberia\\\/e-learning-klassenunterricht-internet-basiertes-fernstudium\\\/#primaryimage\"},\"image\":{\"@id\":\"https:\\\/\\\/www.bowier-trust.org\\\/projects\\\/inside-liberia\\\/e-learning-klassenunterricht-internet-basiertes-fernstudium\\\/#primaryimage\"},\"thumbnailUrl\":\"https:\\\/\\\/www.bowier-trust.org\\\/wp-content\\\/uploads\\\/2018\\\/02\\\/Welcome_Inside-Liberia.jpg\",\"datePublished\":\"2018-03-21T14:42:40+00:00\",\"dateModified\":\"2022-02-22T20:06:39+00:00\",\"breadcrumb\":{\"@id\":\"https:\\\/\\\/www.bowier-trust.org\\\/projects\\\/inside-liberia\\\/e-learning-klassenunterricht-internet-basiertes-fernstudium\\\/#breadcrumb\"},\"inLanguage\":\"en-US\",\"potentialAction\":[{\"@type\":\"ReadAction\",\"target\":[\"https:\\\/\\\/www.bowier-trust.org\\\/projects\\\/inside-liberia\\\/e-learning-klassenunterricht-internet-basiertes-fernstudium\\\/\"]}]},{\"@type\":\"ImageObject\",\"inLanguage\":\"en-US\",\"@id\":\"https:\\\/\\\/www.bowier-trust.org\\\/projects\\\/inside-liberia\\\/e-learning-klassenunterricht-internet-basiertes-fernstudium\\\/#primaryimage\",\"url\":\"https:\\\/\\\/www.bowier-trust.org\\\/wp-content\\\/uploads\\\/2018\\\/02\\\/Welcome_Inside-Liberia.jpg\",\"contentUrl\":\"https:\\\/\\\/www.bowier-trust.org\\\/wp-content\\\/uploads\\\/2018\\\/02\\\/Welcome_Inside-Liberia.jpg\",\"width\":920,\"height\":269},{\"@type\":\"BreadcrumbList\",\"@id\":\"https:\\\/\\\/www.bowier-trust.org\\\/projects\\\/inside-liberia\\\/e-learning-klassenunterricht-internet-basiertes-fernstudium\\\/#breadcrumb\",\"itemListElement\":[{\"@type\":\"ListItem\",\"position\":1,\"name\":\"Startseite\",\"item\":\"https:\\\/\\\/www.bowier-trust.org\\\/\"},{\"@type\":\"ListItem\",\"position\":2,\"name\":\"Projekte\",\"item\":\"https:\\\/\\\/www.bowier-trust.org\\\/projects\\\/\"},{\"@type\":\"ListItem\",\"position\":3,\"name\":\"Inside Liberia\",\"item\":\"https:\\\/\\\/www.bowier-trust.org\\\/projects\\\/inside-liberia\\\/\"},{\"@type\":\"ListItem\",\"position\":4,\"name\":\"E-Learning Klassenunterricht \\\/ Internet basiertes Fernstudium\"}]},{\"@type\":\"WebSite\",\"@id\":\"https:\\\/\\\/www.bowier-trust.org\\\/#website\",\"url\":\"https:\\\/\\\/www.bowier-trust.org\\\/\",\"name\":\"Bowier Trust Foundation Switzerland\",\"description\":\"\",\"publisher\":{\"@id\":\"https:\\\/\\\/www.bowier-trust.org\\\/#organization\"},\"potentialAction\":[{\"@type\":\"SearchAction\",\"target\":{\"@type\":\"EntryPoint\",\"urlTemplate\":\"https:\\\/\\\/www.bowier-trust.org\\\/?s={search_term_string}\"},\"query-input\":{\"@type\":\"PropertyValueSpecification\",\"valueRequired\":true,\"valueName\":\"search_term_string\"}}],\"inLanguage\":\"en-US\"},{\"@type\":\"Organization\",\"@id\":\"https:\\\/\\\/www.bowier-trust.org\\\/#organization\",\"name\":\"Bowier Trust Foundation Switzerland\",\"url\":\"https:\\\/\\\/www.bowier-trust.org\\\/\",\"logo\":{\"@type\":\"ImageObject\",\"inLanguage\":\"en-US\",\"@id\":\"https:\\\/\\\/www.bowier-trust.org\\\/#\\\/schema\\\/logo\\\/image\\\/\",\"url\":\"https:\\\/\\\/www.bowier-trust.org\\\/wp-content\\\/uploads\\\/2022\\\/01\\\/BTFS-Logo-Original-removebg.png\",\"contentUrl\":\"https:\\\/\\\/www.bowier-trust.org\\\/wp-content\\\/uploads\\\/2022\\\/01\\\/BTFS-Logo-Original-removebg.png\",\"width\":445,\"height\":561,\"caption\":\"Bowier Trust Foundation Switzerland\"},\"image\":{\"@id\":\"https:\\\/\\\/www.bowier-trust.org\\\/#\\\/schema\\\/logo\\\/image\\\/\"},\"sameAs\":[\"https:\\\/\\\/www.instagram.com\\\/btfs_liberia\\\/\"]}]}<\/script>\n<!-- \/ Yoast SEO plugin. -->","yoast_head_json":{"title":"E-Learning Klassenunterricht \/ Internet basiertes Fernstudium - Bowier Trust Foundation Switzerland","robots":{"index":"index","follow":"follow","max-snippet":"max-snippet:-1","max-image-preview":"max-image-preview:large","max-video-preview":"max-video-preview:-1"},"canonical":"https:\/\/www.bowier-trust.org\/en_us\/projects\/inside-liberia\/e-learning-klassenunterricht-internet-basiertes-fernstudium\/","og_locale":"en_US","og_type":"article","og_title":"E-Learning Klassenunterricht \/ Internet basiertes Fernstudium - Bowier Trust Foundation Switzerland","og_description":"E-Learning Klassenunterricht \/ Internet basiertes Fernstudium Fernlehrgang in Monrovia (DLCM) Organisator: Bowier Trust Stiftung Schweiz Zielgruppe: Das BTFS-Team in Monrovia Thema: Capacity Building f\u00fcr NGOs, die in der Zivilgesellschaft t\u00e4tig sind Ausbildungsteam: Dr. Burkhard Luber und lokale Ausbilder Lernansatz: Inputs \u00fcber Studien-E-Mails, Online-Lernmaterial und elektronische Kommunikation w\u00e4hrend des Kurses Dauer: Ein Jahr mit monatlichem Lernzyklus [&hellip;]","og_url":"https:\/\/www.bowier-trust.org\/en_us\/projects\/inside-liberia\/e-learning-klassenunterricht-internet-basiertes-fernstudium\/","og_site_name":"Bowier Trust Foundation Switzerland","article_modified_time":"2022-02-22T20:06:39+00:00","og_image":[{"width":920,"height":269,"url":"https:\/\/www.bowier-trust.org\/wp-content\/uploads\/2018\/02\/Welcome_Inside-Liberia.jpg","type":"image\/jpeg"}],"twitter_card":"summary_large_image","twitter_misc":{"Est. reading time":"4 minutes"},"schema":{"@context":"https:\/\/schema.org","@graph":[{"@type":"WebPage","@id":"https:\/\/www.bowier-trust.org\/projects\/inside-liberia\/e-learning-klassenunterricht-internet-basiertes-fernstudium\/","url":"https:\/\/www.bowier-trust.org\/projects\/inside-liberia\/e-learning-klassenunterricht-internet-basiertes-fernstudium\/","name":"E-Learning Klassenunterricht \/ Internet basiertes Fernstudium - Bowier Trust Foundation Switzerland","isPartOf":{"@id":"https:\/\/www.bowier-trust.org\/#website"},"primaryImageOfPage":{"@id":"https:\/\/www.bowier-trust.org\/projects\/inside-liberia\/e-learning-klassenunterricht-internet-basiertes-fernstudium\/#primaryimage"},"image":{"@id":"https:\/\/www.bowier-trust.org\/projects\/inside-liberia\/e-learning-klassenunterricht-internet-basiertes-fernstudium\/#primaryimage"},"thumbnailUrl":"https:\/\/www.bowier-trust.org\/wp-content\/uploads\/2018\/02\/Welcome_Inside-Liberia.jpg","datePublished":"2018-03-21T14:42:40+00:00","dateModified":"2022-02-22T20:06:39+00:00","breadcrumb":{"@id":"https:\/\/www.bowier-trust.org\/projects\/inside-liberia\/e-learning-klassenunterricht-internet-basiertes-fernstudium\/#breadcrumb"},"inLanguage":"en-US","potentialAction":[{"@type":"ReadAction","target":["https:\/\/www.bowier-trust.org\/projects\/inside-liberia\/e-learning-klassenunterricht-internet-basiertes-fernstudium\/"]}]},{"@type":"ImageObject","inLanguage":"en-US","@id":"https:\/\/www.bowier-trust.org\/projects\/inside-liberia\/e-learning-klassenunterricht-internet-basiertes-fernstudium\/#primaryimage","url":"https:\/\/www.bowier-trust.org\/wp-content\/uploads\/2018\/02\/Welcome_Inside-Liberia.jpg","contentUrl":"https:\/\/www.bowier-trust.org\/wp-content\/uploads\/2018\/02\/Welcome_Inside-Liberia.jpg","width":920,"height":269},{"@type":"BreadcrumbList","@id":"https:\/\/www.bowier-trust.org\/projects\/inside-liberia\/e-learning-klassenunterricht-internet-basiertes-fernstudium\/#breadcrumb","itemListElement":[{"@type":"ListItem","position":1,"name":"Startseite","item":"https:\/\/www.bowier-trust.org\/"},{"@type":"ListItem","position":2,"name":"Projekte","item":"https:\/\/www.bowier-trust.org\/projects\/"},{"@type":"ListItem","position":3,"name":"Inside Liberia","item":"https:\/\/www.bowier-trust.org\/projects\/inside-liberia\/"},{"@type":"ListItem","position":4,"name":"E-Learning Klassenunterricht \/ Internet basiertes Fernstudium"}]},{"@type":"WebSite","@id":"https:\/\/www.bowier-trust.org\/#website","url":"https:\/\/www.bowier-trust.org\/","name":"Bowier Trust Foundation Switzerland","description":"","publisher":{"@id":"https:\/\/www.bowier-trust.org\/#organization"},"potentialAction":[{"@type":"SearchAction","target":{"@type":"EntryPoint","urlTemplate":"https:\/\/www.bowier-trust.org\/?s={search_term_string}"},"query-input":{"@type":"PropertyValueSpecification","valueRequired":true,"valueName":"search_term_string"}}],"inLanguage":"en-US"},{"@type":"Organization","@id":"https:\/\/www.bowier-trust.org\/#organization","name":"Bowier Trust Foundation Switzerland","url":"https:\/\/www.bowier-trust.org\/","logo":{"@type":"ImageObject","inLanguage":"en-US","@id":"https:\/\/www.bowier-trust.org\/#\/schema\/logo\/image\/","url":"https:\/\/www.bowier-trust.org\/wp-content\/uploads\/2022\/01\/BTFS-Logo-Original-removebg.png","contentUrl":"https:\/\/www.bowier-trust.org\/wp-content\/uploads\/2022\/01\/BTFS-Logo-Original-removebg.png","width":445,"height":561,"caption":"Bowier Trust Foundation Switzerland"},"image":{"@id":"https:\/\/www.bowier-trust.org\/#\/schema\/logo\/image\/"},"sameAs":["https:\/\/www.instagram.com\/btfs_liberia\/"]}]}},"campaignId":"","_links":{"self":[{"href":"https:\/\/www.bowier-trust.org\/en_us\/wp-json\/wp\/v2\/pages\/1018","targetHints":{"allow":["GET"]}}],"collection":[{"href":"https:\/\/www.bowier-trust.org\/en_us\/wp-json\/wp\/v2\/pages"}],"about":[{"href":"https:\/\/www.bowier-trust.org\/en_us\/wp-json\/wp\/v2\/types\/page"}],"author":[{"embeddable":true,"href":"https:\/\/www.bowier-trust.org\/en_us\/wp-json\/wp\/v2\/users\/3"}],"replies":[{"embeddable":true,"href":"https:\/\/www.bowier-trust.org\/en_us\/wp-json\/wp\/v2\/comments?post=1018"}],"version-history":[{"count":19,"href":"https:\/\/www.bowier-trust.org\/en_us\/wp-json\/wp\/v2\/pages\/1018\/revisions"}],"predecessor-version":[{"id":2683,"href":"https:\/\/www.bowier-trust.org\/en_us\/wp-json\/wp\/v2\/pages\/1018\/revisions\/2683"}],"up":[{"embeddable":true,"href":"https:\/\/www.bowier-trust.org\/en_us\/wp-json\/wp\/v2\/pages\/847"}],"wp:featuredmedia":[{"embeddable":true,"href":"https:\/\/www.bowier-trust.org\/en_us\/wp-json\/wp\/v2\/media\/964"}],"wp:attachment":[{"href":"https:\/\/www.bowier-trust.org\/en_us\/wp-json\/wp\/v2\/media?parent=1018"}],"curies":[{"name":"wp","href":"https:\/\/api.w.org\/{rel}","templated":true}]}}