{"id":1086,"date":"2018-05-10T16:28:54","date_gmt":"2018-05-10T16:28:54","guid":{"rendered":"https:\/\/www.bowier-trust.org\/?page_id=1086"},"modified":"2022-01-25T06:04:07","modified_gmt":"2022-01-25T06:04:07","slug":"spende-und-unterstuetzung-von-heidelberg-cemenco","status":"publish","type":"page","link":"https:\/\/www.bowier-trust.org\/en_us\/spenden\/spende-und-unterstuetzung-von-heidelberg-cemenco\/","title":{"rendered":"Donation and Support of Liberia Cement Corporation (Cemenco)"},"content":{"rendered":"<div data-elementor-type=\"wp-page\" data-elementor-id=\"1086\" class=\"elementor elementor-1086\" data-elementor-post-type=\"page\">\n\t\t\t\t\t\t<section class=\"elementor-section elementor-top-section elementor-element elementor-element-5b029f5b elementor-section-boxed elementor-section-height-default elementor-section-height-default\" data-id=\"5b029f5b\" data-element_type=\"section\" data-e-type=\"section\">\n\t\t\t\t\t\t<div class=\"elementor-container elementor-column-gap-default\">\n\t\t\t\t\t<div class=\"elementor-column elementor-col-100 elementor-top-column elementor-element elementor-element-7bc53bff\" data-id=\"7bc53bff\" data-element_type=\"column\" data-e-type=\"column\">\n\t\t\t<div class=\"elementor-widget-wrap elementor-element-populated\">\n\t\t\t\t\t\t<div class=\"elementor-element elementor-element-f1c7272 elementor-widget elementor-widget-heading\" data-id=\"f1c7272\" data-element_type=\"widget\" data-e-type=\"widget\" data-widget_type=\"heading.default\">\n\t\t\t\t<div class=\"elementor-widget-container\">\n\t\t\t\t\t<h1 class=\"elementor-heading-title elementor-size-default\">Donation and Support of Liberia Cement Corporation (Cemenco)<\/h1>\t\t\t\t<\/div>\n\t\t\t\t<\/div>\n\t\t\t\t<div class=\"elementor-element elementor-element-70558b5c elementor-widget elementor-widget-text-editor\" data-id=\"70558b5c\" data-element_type=\"widget\" data-e-type=\"widget\" data-widget_type=\"text-editor.default\">\n\t\t\t\t<div class=\"elementor-widget-container\">\n\t\t\t\t\t\t\t\t\t<h3>BTFS-CEMENCO Partnership on Course<\/h3>\r\nLiberia's largest cement producer is donating 1,200 bags of cement to our foundation, making an important and active contribution to securing water supplies and building sanitation facilities. This partnership agreement was reached during a meeting with our Foundation Board President Felix Walz, BTFS Senior Administrator Hamnson Gaye and others. This meeting was initiated by Rotary members in Switzerland together with the CEO of Liberia Cement Corporation (CEMENCO). Felix Walz greatly appreciates this valuable donation from the Liberian Cement Producer, it will enable the implementation of the pilot project in the SD Cooper community, Paynesville.\r\n\r\n<a href=\"https:\/\/www.bowier-trust.org\/en_us\/de_DE\/projects\/school-project-immanuel-christian-academy-ica-water-supply-and-sanitation-infrastructure\/\">Read more<\/a> to our water supply project and the construction of sanitary facilities. <em><strong>A very big thank you to <a href=\"http:\/\/www.butti.ch\">Butti Bau<\/a> and the construction engineer Michael Stutz for the valuable support in this construction project!<\/strong><\/em>\r\n\r\n<hr \/>\r\n\r\n<h3><a href=\"https:\/\/www.hcafrica.com\/en\/cemenco\">Heidelberg Cement Afrika, Liberia<\/a><\/h3>\r\nDie Liberia Cement Corporation (Cemenco) betreibt eine Mahlanlage in der Hauptstadt Monrovia. Das Unternehmen ist einer der Hauptlieferanten im Lande. Das Engagement geht auf das Jahr 1968 zur\u00fcck, und die Zahl der Besch\u00e4ftigten liegt bei etwa 60.\r\n<h4>Product<\/h4>\r\nPortland Cement (ASTM) packed in 50kg bags\r\n<h4>Distribution<\/h4>\r\nDie Cemenco hat ein Netz von 30 Vertriebsh\u00e4ndlern aufgebaut, von denen 5 die l\u00e4ndlichen Gebiete Liberias beliefern und die \u00fcbrigen in und um Monrovia angesiedelt sind. Die Vertriebsh\u00e4ndler stellen ihre eigenen Fahrzeuge f\u00fcr den Transport des Zements zu ihren Lagern zur Verf\u00fcgung.\r\n\r\n<hr \/>\r\n\r\n<h3><a href=\"https:\/\/www.heidelbergcement.com\/de\/afrika-suedlich-der-sahara\">Heidelberg Cement Group Afrika<\/a><\/h3>\r\nHeidelbergCement's history in Africa dates back to the mid-1960s, when Scancem International acquired its first participations. Activities were gradually expanded to several countries south of the Sahara. In 1999, Scancem International was acquired by HeidelbergCement. Today, HeidelbergCement is the leading cement manufacturer in West Africa. HeidelbergCement operates a network of 12 production sites in nine countries in Africa, making an important contribution to the economic development of these countries.\r\n<div class=\"table-container\">\r\n<table border=\"0\" width=\"176\" cellspacing=\"0\" cellpadding=\"0\"><colgroup> <col span=\"2\" \/><\/colgroup>\r\n<tbody>\r\n<tr>\r\n<th>\r\n<h4>L\u00e4nder und Werke<\/h4>\r\n<\/th>\r\n<th><\/th>\r\n<\/tr>\r\n<tr>\r\n<th>Benin<\/th>\r\n<th>Grinding plant in Cotonou<\/th>\r\n<\/tr>\r\n<tr>\r\n<th>Burkina Faso<\/th>\r\n<th>Grinding plant in Ouagadougou<\/th>\r\n<\/tr>\r\n<tr>\r\n<th>Demokratische Republik Kongo<\/th>\r\n<th>Integrated cement plants in Lukala and Kabimba<\/th>\r\n<\/tr>\r\n<tr>\r\n<th>Ghana<\/th>\r\n<th>Grinding mills in Tema and Takoradi<\/th>\r\n<\/tr>\r\n<tr>\r\n<th>Liberia<\/th>\r\n<th>Grinding plant in Monrovia<\/th>\r\n<\/tr>\r\n<tr>\r\n<th>Mosambik<\/th>\r\n<th>Grinding mill in Beira<\/th>\r\n<\/tr>\r\n<tr>\r\n<th>Sierra Leone<\/th>\r\n<th>Grinding plant in Freetown<\/th>\r\n<\/tr>\r\n<tr>\r\n<th>Tansania<\/th>\r\n<th>Integrated cement plant in Dar es Salaam<\/th>\r\n<\/tr>\r\n<tr>\r\n<th>Togo<\/th>\r\n<th>Clinker plant in Tabligbo, grinding plant in Lom\u00e9<\/th>\r\n<\/tr>\r\n<\/tbody>\r\n<\/table>\r\n<\/div>\t\t\t\t\t\t\t\t<\/div>\n\t\t\t\t<\/div>\n\t\t\t\t\t<\/div>\n\t\t<\/div>\n\t\t\t\t\t<\/div>\n\t\t<\/section>\n\t\t\t\t<\/div>","protected":false},"excerpt":{"rendered":"<p>Spende und Unterst\u00fctzung von Liberia Cement Corporation (Cemenco) BTFS-CEMENCO Partnership on Course Liberias gr\u00f6sster Cement-Produzent spendet unserer Stiftung 1,200 S\u00e4cke von Cement und leistet somit einen wichtigen und aktiven Beitrag f\u00fcr die Sicherstellung der Wasserversorgung und den Bau von sanit\u00e4ren Anlagen. Diese \u00dcbereinkunft zu dieser Partnerschaft wurde w\u00e4hrend eines Treffens mit unserem Stiftungsratspr\u00e4sidenten Felix Walz, [&hellip;]<\/p>\n","protected":false},"author":3,"featured_media":1100,"parent":24,"menu_order":0,"comment_status":"closed","ping_status":"closed","template":"elementor_header_footer","meta":{"give_campaign_id":0,"_monsterinsights_skip_tracking":false,"_monsterinsights_sitenote_active":false,"_monsterinsights_sitenote_note":"","_monsterinsights_sitenote_category":0,"footnotes":""},"class_list":["post-1086","page","type-page","status-publish","has-post-thumbnail","hentry"],"yoast_head":"<!-- This site is optimized with the Yoast SEO plugin v27.5 - https:\/\/yoast.com\/product\/yoast-seo-wordpress\/ -->\n<title>Spende und Unterst\u00fctzung von Liberia Cement Corporation (Cemenco) - Bowier Trust Foundation Switzerland<\/title>\n<meta name=\"robots\" content=\"index, follow, max-snippet:-1, max-image-preview:large, max-video-preview:-1\" \/>\n<link rel=\"canonical\" href=\"https:\/\/www.bowier-trust.org\/en_us\/spenden\/spende-und-unterstuetzung-von-heidelberg-cemenco\/\" \/>\n<meta property=\"og:locale\" content=\"en_US\" \/>\n<meta property=\"og:type\" content=\"article\" \/>\n<meta property=\"og:title\" content=\"Spende und Unterst\u00fctzung von Liberia Cement Corporation (Cemenco) - Bowier Trust Foundation Switzerland\" \/>\n<meta property=\"og:description\" content=\"Spende und Unterst\u00fctzung von Liberia Cement Corporation (Cemenco) BTFS-CEMENCO Partnership on Course Liberias gr\u00f6sster Cement-Produzent spendet unserer Stiftung 1,200 S\u00e4cke von Cement und leistet somit einen wichtigen und aktiven Beitrag f\u00fcr die Sicherstellung der Wasserversorgung und den Bau von sanit\u00e4ren Anlagen. Diese \u00dcbereinkunft zu dieser Partnerschaft wurde w\u00e4hrend eines Treffens mit unserem Stiftungsratspr\u00e4sidenten Felix Walz, [&hellip;]\" \/>\n<meta property=\"og:url\" content=\"https:\/\/www.bowier-trust.org\/en_us\/spenden\/spende-und-unterstuetzung-von-heidelberg-cemenco\/\" \/>\n<meta property=\"og:site_name\" content=\"Bowier Trust Foundation Switzerland\" \/>\n<meta property=\"article:modified_time\" content=\"2022-01-25T06:04:07+00:00\" \/>\n<meta property=\"og:image\" content=\"https:\/\/www.bowier-trust.org\/wp-content\/uploads\/2018\/05\/Cememco-Banner_Spendenseite.jpg\" \/>\n\t<meta property=\"og:image:width\" content=\"1024\" \/>\n\t<meta property=\"og:image:height\" content=\"768\" \/>\n\t<meta property=\"og:image:type\" content=\"image\/jpeg\" \/>\n<meta name=\"twitter:card\" content=\"summary_large_image\" \/>\n<meta name=\"twitter:label1\" content=\"Est. reading time\" \/>\n\t<meta name=\"twitter:data1\" content=\"2 minutes\" \/>\n<script type=\"application\/ld+json\" class=\"yoast-schema-graph\">{\"@context\":\"https:\\\/\\\/schema.org\",\"@graph\":[{\"@type\":\"WebPage\",\"@id\":\"https:\\\/\\\/www.bowier-trust.org\\\/spenden\\\/spende-und-unterstuetzung-von-heidelberg-cemenco\\\/\",\"url\":\"https:\\\/\\\/www.bowier-trust.org\\\/spenden\\\/spende-und-unterstuetzung-von-heidelberg-cemenco\\\/\",\"name\":\"Spende und Unterst\u00fctzung von Liberia Cement Corporation (Cemenco) - Bowier Trust Foundation Switzerland\",\"isPartOf\":{\"@id\":\"https:\\\/\\\/www.bowier-trust.org\\\/#website\"},\"primaryImageOfPage\":{\"@id\":\"https:\\\/\\\/www.bowier-trust.org\\\/spenden\\\/spende-und-unterstuetzung-von-heidelberg-cemenco\\\/#primaryimage\"},\"image\":{\"@id\":\"https:\\\/\\\/www.bowier-trust.org\\\/spenden\\\/spende-und-unterstuetzung-von-heidelberg-cemenco\\\/#primaryimage\"},\"thumbnailUrl\":\"https:\\\/\\\/www.bowier-trust.org\\\/wp-content\\\/uploads\\\/2018\\\/05\\\/Cememco-Banner_Spendenseite.jpg\",\"datePublished\":\"2018-05-10T16:28:54+00:00\",\"dateModified\":\"2022-01-25T06:04:07+00:00\",\"breadcrumb\":{\"@id\":\"https:\\\/\\\/www.bowier-trust.org\\\/spenden\\\/spende-und-unterstuetzung-von-heidelberg-cemenco\\\/#breadcrumb\"},\"inLanguage\":\"en-US\",\"potentialAction\":[{\"@type\":\"ReadAction\",\"target\":[\"https:\\\/\\\/www.bowier-trust.org\\\/spenden\\\/spende-und-unterstuetzung-von-heidelberg-cemenco\\\/\"]}]},{\"@type\":\"ImageObject\",\"inLanguage\":\"en-US\",\"@id\":\"https:\\\/\\\/www.bowier-trust.org\\\/spenden\\\/spende-und-unterstuetzung-von-heidelberg-cemenco\\\/#primaryimage\",\"url\":\"https:\\\/\\\/www.bowier-trust.org\\\/wp-content\\\/uploads\\\/2018\\\/05\\\/Cememco-Banner_Spendenseite.jpg\",\"contentUrl\":\"https:\\\/\\\/www.bowier-trust.org\\\/wp-content\\\/uploads\\\/2018\\\/05\\\/Cememco-Banner_Spendenseite.jpg\",\"width\":1024,\"height\":768},{\"@type\":\"BreadcrumbList\",\"@id\":\"https:\\\/\\\/www.bowier-trust.org\\\/spenden\\\/spende-und-unterstuetzung-von-heidelberg-cemenco\\\/#breadcrumb\",\"itemListElement\":[{\"@type\":\"ListItem\",\"position\":1,\"name\":\"Startseite\",\"item\":\"https:\\\/\\\/www.bowier-trust.org\\\/\"},{\"@type\":\"ListItem\",\"position\":2,\"name\":\"Spenden\",\"item\":\"https:\\\/\\\/www.bowier-trust.org\\\/spenden\\\/\"},{\"@type\":\"ListItem\",\"position\":3,\"name\":\"Spende und Unterst\u00fctzung von Liberia Cement Corporation (Cemenco)\"}]},{\"@type\":\"WebSite\",\"@id\":\"https:\\\/\\\/www.bowier-trust.org\\\/#website\",\"url\":\"https:\\\/\\\/www.bowier-trust.org\\\/\",\"name\":\"Bowier Trust Foundation Switzerland\",\"description\":\"\",\"publisher\":{\"@id\":\"https:\\\/\\\/www.bowier-trust.org\\\/#organization\"},\"potentialAction\":[{\"@type\":\"SearchAction\",\"target\":{\"@type\":\"EntryPoint\",\"urlTemplate\":\"https:\\\/\\\/www.bowier-trust.org\\\/?s={search_term_string}\"},\"query-input\":{\"@type\":\"PropertyValueSpecification\",\"valueRequired\":true,\"valueName\":\"search_term_string\"}}],\"inLanguage\":\"en-US\"},{\"@type\":\"Organization\",\"@id\":\"https:\\\/\\\/www.bowier-trust.org\\\/#organization\",\"name\":\"Bowier Trust Foundation Switzerland\",\"url\":\"https:\\\/\\\/www.bowier-trust.org\\\/\",\"logo\":{\"@type\":\"ImageObject\",\"inLanguage\":\"en-US\",\"@id\":\"https:\\\/\\\/www.bowier-trust.org\\\/#\\\/schema\\\/logo\\\/image\\\/\",\"url\":\"https:\\\/\\\/www.bowier-trust.org\\\/wp-content\\\/uploads\\\/2022\\\/01\\\/BTFS-Logo-Original-removebg.png\",\"contentUrl\":\"https:\\\/\\\/www.bowier-trust.org\\\/wp-content\\\/uploads\\\/2022\\\/01\\\/BTFS-Logo-Original-removebg.png\",\"width\":445,\"height\":561,\"caption\":\"Bowier Trust Foundation Switzerland\"},\"image\":{\"@id\":\"https:\\\/\\\/www.bowier-trust.org\\\/#\\\/schema\\\/logo\\\/image\\\/\"},\"sameAs\":[\"https:\\\/\\\/www.instagram.com\\\/btfs_liberia\\\/\"]}]}<\/script>\n<!-- \/ Yoast SEO plugin. -->","yoast_head_json":{"title":"Spende und Unterst\u00fctzung von Liberia Cement Corporation (Cemenco) - Bowier Trust Foundation Switzerland","robots":{"index":"index","follow":"follow","max-snippet":"max-snippet:-1","max-image-preview":"max-image-preview:large","max-video-preview":"max-video-preview:-1"},"canonical":"https:\/\/www.bowier-trust.org\/en_us\/spenden\/spende-und-unterstuetzung-von-heidelberg-cemenco\/","og_locale":"en_US","og_type":"article","og_title":"Spende und Unterst\u00fctzung von Liberia Cement Corporation (Cemenco) - Bowier Trust Foundation Switzerland","og_description":"Spende und Unterst\u00fctzung von Liberia Cement Corporation (Cemenco) BTFS-CEMENCO Partnership on Course Liberias gr\u00f6sster Cement-Produzent spendet unserer Stiftung 1,200 S\u00e4cke von Cement und leistet somit einen wichtigen und aktiven Beitrag f\u00fcr die Sicherstellung der Wasserversorgung und den Bau von sanit\u00e4ren Anlagen. Diese \u00dcbereinkunft zu dieser Partnerschaft wurde w\u00e4hrend eines Treffens mit unserem Stiftungsratspr\u00e4sidenten Felix Walz, [&hellip;]","og_url":"https:\/\/www.bowier-trust.org\/en_us\/spenden\/spende-und-unterstuetzung-von-heidelberg-cemenco\/","og_site_name":"Bowier Trust Foundation Switzerland","article_modified_time":"2022-01-25T06:04:07+00:00","og_image":[{"width":1024,"height":768,"url":"https:\/\/www.bowier-trust.org\/wp-content\/uploads\/2018\/05\/Cememco-Banner_Spendenseite.jpg","type":"image\/jpeg"}],"twitter_card":"summary_large_image","twitter_misc":{"Est. reading time":"2 minutes"},"schema":{"@context":"https:\/\/schema.org","@graph":[{"@type":"WebPage","@id":"https:\/\/www.bowier-trust.org\/spenden\/spende-und-unterstuetzung-von-heidelberg-cemenco\/","url":"https:\/\/www.bowier-trust.org\/spenden\/spende-und-unterstuetzung-von-heidelberg-cemenco\/","name":"Spende und Unterst\u00fctzung von Liberia Cement Corporation (Cemenco) - Bowier Trust Foundation Switzerland","isPartOf":{"@id":"https:\/\/www.bowier-trust.org\/#website"},"primaryImageOfPage":{"@id":"https:\/\/www.bowier-trust.org\/spenden\/spende-und-unterstuetzung-von-heidelberg-cemenco\/#primaryimage"},"image":{"@id":"https:\/\/www.bowier-trust.org\/spenden\/spende-und-unterstuetzung-von-heidelberg-cemenco\/#primaryimage"},"thumbnailUrl":"https:\/\/www.bowier-trust.org\/wp-content\/uploads\/2018\/05\/Cememco-Banner_Spendenseite.jpg","datePublished":"2018-05-10T16:28:54+00:00","dateModified":"2022-01-25T06:04:07+00:00","breadcrumb":{"@id":"https:\/\/www.bowier-trust.org\/spenden\/spende-und-unterstuetzung-von-heidelberg-cemenco\/#breadcrumb"},"inLanguage":"en-US","potentialAction":[{"@type":"ReadAction","target":["https:\/\/www.bowier-trust.org\/spenden\/spende-und-unterstuetzung-von-heidelberg-cemenco\/"]}]},{"@type":"ImageObject","inLanguage":"en-US","@id":"https:\/\/www.bowier-trust.org\/spenden\/spende-und-unterstuetzung-von-heidelberg-cemenco\/#primaryimage","url":"https:\/\/www.bowier-trust.org\/wp-content\/uploads\/2018\/05\/Cememco-Banner_Spendenseite.jpg","contentUrl":"https:\/\/www.bowier-trust.org\/wp-content\/uploads\/2018\/05\/Cememco-Banner_Spendenseite.jpg","width":1024,"height":768},{"@type":"BreadcrumbList","@id":"https:\/\/www.bowier-trust.org\/spenden\/spende-und-unterstuetzung-von-heidelberg-cemenco\/#breadcrumb","itemListElement":[{"@type":"ListItem","position":1,"name":"Startseite","item":"https:\/\/www.bowier-trust.org\/"},{"@type":"ListItem","position":2,"name":"Spenden","item":"https:\/\/www.bowier-trust.org\/spenden\/"},{"@type":"ListItem","position":3,"name":"Spende und Unterst\u00fctzung von Liberia Cement Corporation (Cemenco)"}]},{"@type":"WebSite","@id":"https:\/\/www.bowier-trust.org\/#website","url":"https:\/\/www.bowier-trust.org\/","name":"Bowier Trust Foundation Switzerland","description":"","publisher":{"@id":"https:\/\/www.bowier-trust.org\/#organization"},"potentialAction":[{"@type":"SearchAction","target":{"@type":"EntryPoint","urlTemplate":"https:\/\/www.bowier-trust.org\/?s={search_term_string}"},"query-input":{"@type":"PropertyValueSpecification","valueRequired":true,"valueName":"search_term_string"}}],"inLanguage":"en-US"},{"@type":"Organization","@id":"https:\/\/www.bowier-trust.org\/#organization","name":"Bowier Trust Foundation Switzerland","url":"https:\/\/www.bowier-trust.org\/","logo":{"@type":"ImageObject","inLanguage":"en-US","@id":"https:\/\/www.bowier-trust.org\/#\/schema\/logo\/image\/","url":"https:\/\/www.bowier-trust.org\/wp-content\/uploads\/2022\/01\/BTFS-Logo-Original-removebg.png","contentUrl":"https:\/\/www.bowier-trust.org\/wp-content\/uploads\/2022\/01\/BTFS-Logo-Original-removebg.png","width":445,"height":561,"caption":"Bowier Trust Foundation Switzerland"},"image":{"@id":"https:\/\/www.bowier-trust.org\/#\/schema\/logo\/image\/"},"sameAs":["https:\/\/www.instagram.com\/btfs_liberia\/"]}]}},"campaignId":"","_links":{"self":[{"href":"https:\/\/www.bowier-trust.org\/en_us\/wp-json\/wp\/v2\/pages\/1086","targetHints":{"allow":["GET"]}}],"collection":[{"href":"https:\/\/www.bowier-trust.org\/en_us\/wp-json\/wp\/v2\/pages"}],"about":[{"href":"https:\/\/www.bowier-trust.org\/en_us\/wp-json\/wp\/v2\/types\/page"}],"author":[{"embeddable":true,"href":"https:\/\/www.bowier-trust.org\/en_us\/wp-json\/wp\/v2\/users\/3"}],"replies":[{"embeddable":true,"href":"https:\/\/www.bowier-trust.org\/en_us\/wp-json\/wp\/v2\/comments?post=1086"}],"version-history":[{"count":15,"href":"https:\/\/www.bowier-trust.org\/en_us\/wp-json\/wp\/v2\/pages\/1086\/revisions"}],"predecessor-version":[{"id":2485,"href":"https:\/\/www.bowier-trust.org\/en_us\/wp-json\/wp\/v2\/pages\/1086\/revisions\/2485"}],"up":[{"embeddable":true,"href":"https:\/\/www.bowier-trust.org\/en_us\/wp-json\/wp\/v2\/pages\/24"}],"wp:featuredmedia":[{"embeddable":true,"href":"https:\/\/www.bowier-trust.org\/en_us\/wp-json\/wp\/v2\/media\/1100"}],"wp:attachment":[{"href":"https:\/\/www.bowier-trust.org\/en_us\/wp-json\/wp\/v2\/media?parent=1086"}],"curies":[{"name":"wp","href":"https:\/\/api.w.org\/{rel}","templated":true}]}}