{"id":1282,"date":"2019-04-21T12:05:10","date_gmt":"2019-04-21T12:05:10","guid":{"rendered":"https:\/\/www.bowier-trust.org\/?page_id=1282"},"modified":"2021-11-12T09:44:03","modified_gmt":"2021-11-12T09:44:03","slug":"spende-sternsingen-rapperswil-jona","status":"publish","type":"page","link":"https:\/\/www.bowier-trust.org\/en_us\/spenden\/spende-sternsingen-rapperswil-jona\/","title":{"rendered":"Spende Sternsingen Rapperswil-Jona"},"content":{"rendered":"<div data-elementor-type=\"wp-page\" data-elementor-id=\"1282\" class=\"elementor elementor-1282\" data-elementor-post-type=\"page\">\n\t\t\t\t\t\t<section class=\"elementor-section elementor-top-section elementor-element elementor-element-3f67f3ae elementor-section-boxed elementor-section-height-default elementor-section-height-default\" data-id=\"3f67f3ae\" data-element_type=\"section\" data-e-type=\"section\">\n\t\t\t\t\t\t<div class=\"elementor-container elementor-column-gap-default\">\n\t\t\t\t\t<div class=\"elementor-column elementor-col-100 elementor-top-column elementor-element elementor-element-c9e89fc\" data-id=\"c9e89fc\" data-element_type=\"column\" data-e-type=\"column\">\n\t\t\t<div class=\"elementor-widget-wrap elementor-element-populated\">\n\t\t\t\t\t\t<div class=\"elementor-element elementor-element-1d92afc7 elementor-widget elementor-widget-text-editor\" data-id=\"1d92afc7\" data-element_type=\"widget\" data-e-type=\"widget\" data-widget_type=\"text-editor.default\">\n\t\t\t\t<div class=\"elementor-widget-container\">\n\t\t\t\t\t\t\t\t\tSuccessful carol singing campaign 2019 of the Catholic Church in Rapperwsil-Jona.\n\nThe carol singers deserve a huge thank you for their commitment.\n\nWith enthusiasm and great commitment, many children were on the road as carol singers. From January 6 to 11, countless people in Rapperswil-Jona were visited - according to the motto \"Children help children\".\n\nThe Catholic Church Rapperswil-Jona is proud to donate the collected amount of Fr. 31'985.47 in half to the following two projects: Peru - We belong together (supports children with disabilities) and <strong>Liberia - Immanuel School Project<\/strong> (supports the Liberian people with schooling, among other things).\t\t\t\t\t\t\t\t<\/div>\n\t\t\t\t<\/div>\n\t\t\t\t\t<\/div>\n\t\t<\/div>\n\t\t\t\t\t<\/div>\n\t\t<\/section>\n\t\t\t\t<\/div>","protected":false},"excerpt":{"rendered":"<p>Erfolgreiche Sternsinger-Aktion 2019 der Katholischen Kirche in Rapperwsil-Jona Den Sternsingern geb\u00fchrt ein riesiges Dankesch\u00f6n f\u00fcr ihr Engagement. Mit Begeisterung und grossem Einsatz waren\u00a0 viele Kinder als Sternsinger unterwegs. Vom 6. bis 11. Januar wurden unz\u00e4hlige Menschen in Rapperswil-Jona besucht &#8211; ganz nach dem Motto \u00abKinder helfen Kindern\u00bb . Die Katholische Kirche Rapperswil-Jona ist stolz den [&hellip;]<\/p>\n","protected":false},"author":4,"featured_media":0,"parent":24,"menu_order":0,"comment_status":"closed","ping_status":"closed","template":"elementor_header_footer","meta":{"give_campaign_id":0,"_monsterinsights_skip_tracking":false,"_monsterinsights_sitenote_active":false,"_monsterinsights_sitenote_note":"","_monsterinsights_sitenote_category":0,"footnotes":""},"class_list":["post-1282","page","type-page","status-publish","hentry"],"yoast_head":"<!-- This site is optimized with the Yoast SEO plugin v27.5 - https:\/\/yoast.com\/product\/yoast-seo-wordpress\/ -->\n<title>Spende Sternsingen Rapperswil-Jona - Bowier Trust Foundation Switzerland<\/title>\n<meta name=\"robots\" content=\"index, follow, max-snippet:-1, max-image-preview:large, max-video-preview:-1\" \/>\n<link rel=\"canonical\" href=\"https:\/\/www.bowier-trust.org\/en_us\/spenden\/spende-sternsingen-rapperswil-jona\/\" \/>\n<meta property=\"og:locale\" content=\"en_US\" \/>\n<meta property=\"og:type\" content=\"article\" \/>\n<meta property=\"og:title\" content=\"Spende Sternsingen Rapperswil-Jona - Bowier Trust Foundation Switzerland\" \/>\n<meta property=\"og:description\" content=\"Erfolgreiche Sternsinger-Aktion 2019 der Katholischen Kirche in Rapperwsil-Jona Den Sternsingern geb\u00fchrt ein riesiges Dankesch\u00f6n f\u00fcr ihr Engagement. Mit Begeisterung und grossem Einsatz waren\u00a0 viele Kinder als Sternsinger unterwegs. Vom 6. bis 11. Januar wurden unz\u00e4hlige Menschen in Rapperswil-Jona besucht &#8211; ganz nach dem Motto \u00abKinder helfen Kindern\u00bb . Die Katholische Kirche Rapperswil-Jona ist stolz den [&hellip;]\" \/>\n<meta property=\"og:url\" content=\"https:\/\/www.bowier-trust.org\/en_us\/spenden\/spende-sternsingen-rapperswil-jona\/\" \/>\n<meta property=\"og:site_name\" content=\"Bowier Trust Foundation Switzerland\" \/>\n<meta property=\"article:modified_time\" content=\"2021-11-12T09:44:03+00:00\" \/>\n<meta name=\"twitter:card\" content=\"summary_large_image\" \/>\n<script type=\"application\/ld+json\" class=\"yoast-schema-graph\">{\"@context\":\"https:\\\/\\\/schema.org\",\"@graph\":[{\"@type\":\"WebPage\",\"@id\":\"https:\\\/\\\/www.bowier-trust.org\\\/spenden\\\/spende-sternsingen-rapperswil-jona\\\/\",\"url\":\"https:\\\/\\\/www.bowier-trust.org\\\/spenden\\\/spende-sternsingen-rapperswil-jona\\\/\",\"name\":\"Spende Sternsingen Rapperswil-Jona - Bowier Trust Foundation Switzerland\",\"isPartOf\":{\"@id\":\"https:\\\/\\\/www.bowier-trust.org\\\/#website\"},\"datePublished\":\"2019-04-21T12:05:10+00:00\",\"dateModified\":\"2021-11-12T09:44:03+00:00\",\"breadcrumb\":{\"@id\":\"https:\\\/\\\/www.bowier-trust.org\\\/spenden\\\/spende-sternsingen-rapperswil-jona\\\/#breadcrumb\"},\"inLanguage\":\"en-US\",\"potentialAction\":[{\"@type\":\"ReadAction\",\"target\":[\"https:\\\/\\\/www.bowier-trust.org\\\/spenden\\\/spende-sternsingen-rapperswil-jona\\\/\"]}]},{\"@type\":\"BreadcrumbList\",\"@id\":\"https:\\\/\\\/www.bowier-trust.org\\\/spenden\\\/spende-sternsingen-rapperswil-jona\\\/#breadcrumb\",\"itemListElement\":[{\"@type\":\"ListItem\",\"position\":1,\"name\":\"Startseite\",\"item\":\"https:\\\/\\\/www.bowier-trust.org\\\/\"},{\"@type\":\"ListItem\",\"position\":2,\"name\":\"Spenden\",\"item\":\"https:\\\/\\\/www.bowier-trust.org\\\/spenden\\\/\"},{\"@type\":\"ListItem\",\"position\":3,\"name\":\"Spende Sternsingen Rapperswil-Jona\"}]},{\"@type\":\"WebSite\",\"@id\":\"https:\\\/\\\/www.bowier-trust.org\\\/#website\",\"url\":\"https:\\\/\\\/www.bowier-trust.org\\\/\",\"name\":\"Bowier Trust Foundation Switzerland\",\"description\":\"\",\"publisher\":{\"@id\":\"https:\\\/\\\/www.bowier-trust.org\\\/#organization\"},\"potentialAction\":[{\"@type\":\"SearchAction\",\"target\":{\"@type\":\"EntryPoint\",\"urlTemplate\":\"https:\\\/\\\/www.bowier-trust.org\\\/?s={search_term_string}\"},\"query-input\":{\"@type\":\"PropertyValueSpecification\",\"valueRequired\":true,\"valueName\":\"search_term_string\"}}],\"inLanguage\":\"en-US\"},{\"@type\":\"Organization\",\"@id\":\"https:\\\/\\\/www.bowier-trust.org\\\/#organization\",\"name\":\"Bowier Trust Foundation Switzerland\",\"url\":\"https:\\\/\\\/www.bowier-trust.org\\\/\",\"logo\":{\"@type\":\"ImageObject\",\"inLanguage\":\"en-US\",\"@id\":\"https:\\\/\\\/www.bowier-trust.org\\\/#\\\/schema\\\/logo\\\/image\\\/\",\"url\":\"https:\\\/\\\/www.bowier-trust.org\\\/wp-content\\\/uploads\\\/2022\\\/01\\\/BTFS-Logo-Original-removebg.png\",\"contentUrl\":\"https:\\\/\\\/www.bowier-trust.org\\\/wp-content\\\/uploads\\\/2022\\\/01\\\/BTFS-Logo-Original-removebg.png\",\"width\":445,\"height\":561,\"caption\":\"Bowier Trust Foundation Switzerland\"},\"image\":{\"@id\":\"https:\\\/\\\/www.bowier-trust.org\\\/#\\\/schema\\\/logo\\\/image\\\/\"},\"sameAs\":[\"https:\\\/\\\/www.instagram.com\\\/btfs_liberia\\\/\"]}]}<\/script>\n<!-- \/ Yoast SEO plugin. -->","yoast_head_json":{"title":"Spende Sternsingen Rapperswil-Jona - Bowier Trust Foundation Switzerland","robots":{"index":"index","follow":"follow","max-snippet":"max-snippet:-1","max-image-preview":"max-image-preview:large","max-video-preview":"max-video-preview:-1"},"canonical":"https:\/\/www.bowier-trust.org\/en_us\/spenden\/spende-sternsingen-rapperswil-jona\/","og_locale":"en_US","og_type":"article","og_title":"Spende Sternsingen Rapperswil-Jona - Bowier Trust Foundation Switzerland","og_description":"Erfolgreiche Sternsinger-Aktion 2019 der Katholischen Kirche in Rapperwsil-Jona Den Sternsingern geb\u00fchrt ein riesiges Dankesch\u00f6n f\u00fcr ihr Engagement. Mit Begeisterung und grossem Einsatz waren\u00a0 viele Kinder als Sternsinger unterwegs. Vom 6. bis 11. Januar wurden unz\u00e4hlige Menschen in Rapperswil-Jona besucht &#8211; ganz nach dem Motto \u00abKinder helfen Kindern\u00bb . Die Katholische Kirche Rapperswil-Jona ist stolz den [&hellip;]","og_url":"https:\/\/www.bowier-trust.org\/en_us\/spenden\/spende-sternsingen-rapperswil-jona\/","og_site_name":"Bowier Trust Foundation Switzerland","article_modified_time":"2021-11-12T09:44:03+00:00","twitter_card":"summary_large_image","schema":{"@context":"https:\/\/schema.org","@graph":[{"@type":"WebPage","@id":"https:\/\/www.bowier-trust.org\/spenden\/spende-sternsingen-rapperswil-jona\/","url":"https:\/\/www.bowier-trust.org\/spenden\/spende-sternsingen-rapperswil-jona\/","name":"Spende Sternsingen Rapperswil-Jona - Bowier Trust Foundation Switzerland","isPartOf":{"@id":"https:\/\/www.bowier-trust.org\/#website"},"datePublished":"2019-04-21T12:05:10+00:00","dateModified":"2021-11-12T09:44:03+00:00","breadcrumb":{"@id":"https:\/\/www.bowier-trust.org\/spenden\/spende-sternsingen-rapperswil-jona\/#breadcrumb"},"inLanguage":"en-US","potentialAction":[{"@type":"ReadAction","target":["https:\/\/www.bowier-trust.org\/spenden\/spende-sternsingen-rapperswil-jona\/"]}]},{"@type":"BreadcrumbList","@id":"https:\/\/www.bowier-trust.org\/spenden\/spende-sternsingen-rapperswil-jona\/#breadcrumb","itemListElement":[{"@type":"ListItem","position":1,"name":"Startseite","item":"https:\/\/www.bowier-trust.org\/"},{"@type":"ListItem","position":2,"name":"Spenden","item":"https:\/\/www.bowier-trust.org\/spenden\/"},{"@type":"ListItem","position":3,"name":"Spende Sternsingen Rapperswil-Jona"}]},{"@type":"WebSite","@id":"https:\/\/www.bowier-trust.org\/#website","url":"https:\/\/www.bowier-trust.org\/","name":"Bowier Trust Foundation Switzerland","description":"","publisher":{"@id":"https:\/\/www.bowier-trust.org\/#organization"},"potentialAction":[{"@type":"SearchAction","target":{"@type":"EntryPoint","urlTemplate":"https:\/\/www.bowier-trust.org\/?s={search_term_string}"},"query-input":{"@type":"PropertyValueSpecification","valueRequired":true,"valueName":"search_term_string"}}],"inLanguage":"en-US"},{"@type":"Organization","@id":"https:\/\/www.bowier-trust.org\/#organization","name":"Bowier Trust Foundation Switzerland","url":"https:\/\/www.bowier-trust.org\/","logo":{"@type":"ImageObject","inLanguage":"en-US","@id":"https:\/\/www.bowier-trust.org\/#\/schema\/logo\/image\/","url":"https:\/\/www.bowier-trust.org\/wp-content\/uploads\/2022\/01\/BTFS-Logo-Original-removebg.png","contentUrl":"https:\/\/www.bowier-trust.org\/wp-content\/uploads\/2022\/01\/BTFS-Logo-Original-removebg.png","width":445,"height":561,"caption":"Bowier Trust Foundation Switzerland"},"image":{"@id":"https:\/\/www.bowier-trust.org\/#\/schema\/logo\/image\/"},"sameAs":["https:\/\/www.instagram.com\/btfs_liberia\/"]}]}},"campaignId":"","_links":{"self":[{"href":"https:\/\/www.bowier-trust.org\/en_us\/wp-json\/wp\/v2\/pages\/1282","targetHints":{"allow":["GET"]}}],"collection":[{"href":"https:\/\/www.bowier-trust.org\/en_us\/wp-json\/wp\/v2\/pages"}],"about":[{"href":"https:\/\/www.bowier-trust.org\/en_us\/wp-json\/wp\/v2\/types\/page"}],"author":[{"embeddable":true,"href":"https:\/\/www.bowier-trust.org\/en_us\/wp-json\/wp\/v2\/users\/4"}],"replies":[{"embeddable":true,"href":"https:\/\/www.bowier-trust.org\/en_us\/wp-json\/wp\/v2\/comments?post=1282"}],"version-history":[{"count":9,"href":"https:\/\/www.bowier-trust.org\/en_us\/wp-json\/wp\/v2\/pages\/1282\/revisions"}],"predecessor-version":[{"id":2106,"href":"https:\/\/www.bowier-trust.org\/en_us\/wp-json\/wp\/v2\/pages\/1282\/revisions\/2106"}],"up":[{"embeddable":true,"href":"https:\/\/www.bowier-trust.org\/en_us\/wp-json\/wp\/v2\/pages\/24"}],"wp:attachment":[{"href":"https:\/\/www.bowier-trust.org\/en_us\/wp-json\/wp\/v2\/media?parent=1282"}],"curies":[{"name":"wp","href":"https:\/\/api.w.org\/{rel}","templated":true}]}}