{"id":194,"date":"2017-01-10T13:44:10","date_gmt":"2017-01-10T13:44:10","guid":{"rendered":"https:\/\/www.bowier-trust.org\/?page_id=194"},"modified":"2022-05-23T00:24:18","modified_gmt":"2022-05-22T23:24:18","slug":"projects","status":"publish","type":"page","link":"https:\/\/www.bowier-trust.org\/en_us\/projects\/","title":{"rendered":"Projects"},"content":{"rendered":"<div data-elementor-type=\"wp-page\" data-elementor-id=\"194\" class=\"elementor elementor-194\" data-elementor-post-type=\"page\">\n\t\t\t\t\t\t<section class=\"elementor-section elementor-top-section elementor-element elementor-element-5180c0b0 elementor-section-boxed elementor-section-height-default elementor-section-height-default\" data-id=\"5180c0b0\" data-element_type=\"section\" data-e-type=\"section\">\n\t\t\t\t\t\t<div class=\"elementor-container elementor-column-gap-default\">\n\t\t\t\t\t<div class=\"elementor-column elementor-col-100 elementor-top-column elementor-element elementor-element-2e137cdf\" data-id=\"2e137cdf\" data-element_type=\"column\" data-e-type=\"column\">\n\t\t\t<div class=\"elementor-widget-wrap elementor-element-populated\">\n\t\t\t\t\t\t<div class=\"elementor-element elementor-element-40dade6 elementor-widget elementor-widget-heading\" data-id=\"40dade6\" data-element_type=\"widget\" data-e-type=\"widget\" data-widget_type=\"heading.default\">\n\t\t\t\t<div class=\"elementor-widget-container\">\n\t\t\t\t\t<h2 class=\"elementor-heading-title elementor-size-default\">Projects<\/h2>\t\t\t\t<\/div>\n\t\t\t\t<\/div>\n\t\t\t\t<div class=\"elementor-element elementor-element-3a47d2b2 elementor-widget elementor-widget-text-editor\" data-id=\"3a47d2b2\" data-element_type=\"widget\" data-e-type=\"widget\" data-widget_type=\"text-editor.default\">\n\t\t\t\t<div class=\"elementor-widget-container\">\n\t\t\t\t\t\t\t\t\t<p style=\"text-align: center;\"><em><strong>\"The projects of the BOWIER TRUST SWITZERLAND foundation promote the international exchange of knowledge and implement projects in the areas of hydraulic engineering, environmental science and health.\"<\/strong><\/em><\/p><p>After a multi-year UN mandate (UNMIL-UNPOL) by BTFS- founder Felix F. Walz, the original focus of promoting reconciliation and peace capacity building within the communities and cooperation with the Liberia National Police, shifted increasingly.<br \/>The needs in the country are so diverse and complex that BTFS has focused on three areas since 2018.<\/p><p>1. Bacteria-free drinking water \/ sanitation \/ solar technology<br \/>2. Health \/ maternal and infant mortality \/ sex education<br \/>3. Academic knowledge exchange \/ cooperation with universities<\/p><p>BTFS has successfully implemented projects in all three disciplines. Two water kiosks with GDM water filters and solar power are in operation; In Margibi County, the HMNL one-year-program (Help a Mother and a Newborn in Liberia) receives attention; a second 40-foot container with hospital material was shipped to Liberia and two medical students completed a tailor-made training course in Switzerland to combat high maternal and infant mortality. A Memorandum of Understanding between a Swiss and a Liberian university offers students attractive training opportunities and these became part of a Swiss-West African academic network, in connection with Swiss enterprises for applied, practical, concrete projects.<\/p>\t\t\t\t\t\t\t\t<\/div>\n\t\t\t\t<\/div>\n\t\t\t\t\t<\/div>\n\t\t<\/div>\n\t\t\t\t\t<\/div>\n\t\t<\/section>\n\t\t\t\t<\/div>","protected":false},"excerpt":{"rendered":"<p>Projekte \u201eDie Projekte der Stiftung BOWIER TRUST SWITZERLAND f\u00f6rdern internationalen Wissensaustausch und realisieren Projekte in den Bereichen Wasserbau, Umwelttechnologie und Gesundheit.\u201c Nach einem mehrj\u00e4hrigen UNO-Mandat (UNMIL-UNPOL) von Stiftungsgr\u00fcnder Felix F. Walz verlagerte sich der urspr\u00fcngliche Schwerpunkt der F\u00f6rderung des \u00f6ffentlichen Gemeinwesens und der Zusammenarbeit mit der Liberia National Police zunehmend.Die N\u00f6te im Land waren und [&hellip;]<\/p>\n","protected":false},"author":1,"featured_media":695,"parent":0,"menu_order":0,"comment_status":"closed","ping_status":"closed","template":"elementor_header_footer","meta":{"give_campaign_id":0,"_monsterinsights_skip_tracking":false,"_monsterinsights_sitenote_active":false,"_monsterinsights_sitenote_note":"","_monsterinsights_sitenote_category":0,"footnotes":""},"class_list":["post-194","page","type-page","status-publish","has-post-thumbnail","hentry"],"yoast_head":"<!-- This site is optimized with the Yoast SEO plugin v27.4 - https:\/\/yoast.com\/product\/yoast-seo-wordpress\/ -->\n<title>Projekte - Bowier Trust Foundation Switzerland<\/title>\n<meta name=\"robots\" content=\"index, follow, max-snippet:-1, max-image-preview:large, max-video-preview:-1\" \/>\n<link rel=\"canonical\" href=\"https:\/\/www.bowier-trust.org\/en_us\/projects\/\" \/>\n<meta property=\"og:locale\" content=\"en_US\" \/>\n<meta property=\"og:type\" content=\"article\" \/>\n<meta property=\"og:title\" content=\"Projekte - Bowier Trust Foundation Switzerland\" \/>\n<meta property=\"og:description\" content=\"Projekte \u201eDie Projekte der Stiftung BOWIER TRUST SWITZERLAND f\u00f6rdern internationalen Wissensaustausch und realisieren Projekte in den Bereichen Wasserbau, Umwelttechnologie und Gesundheit.\u201c Nach einem mehrj\u00e4hrigen UNO-Mandat (UNMIL-UNPOL) von Stiftungsgr\u00fcnder Felix F. Walz verlagerte sich der urspr\u00fcngliche Schwerpunkt der F\u00f6rderung des \u00f6ffentlichen Gemeinwesens und der Zusammenarbeit mit der Liberia National Police zunehmend.Die N\u00f6te im Land waren und [&hellip;]\" \/>\n<meta property=\"og:url\" content=\"https:\/\/www.bowier-trust.org\/en_us\/projects\/\" \/>\n<meta property=\"og:site_name\" content=\"Bowier Trust Foundation Switzerland\" \/>\n<meta property=\"article:modified_time\" content=\"2022-05-22T23:24:18+00:00\" \/>\n<meta property=\"og:image\" content=\"https:\/\/www.bowier-trust.org\/wp-content\/uploads\/2018\/01\/cropped-cropped-P1010200.jpg\" \/>\n\t<meta property=\"og:image:width\" content=\"1800\" \/>\n\t<meta property=\"og:image:height\" content=\"839\" \/>\n\t<meta property=\"og:image:type\" content=\"image\/jpeg\" \/>\n<meta name=\"twitter:card\" content=\"summary_large_image\" \/>\n<meta name=\"twitter:label1\" content=\"Est. reading time\" \/>\n\t<meta name=\"twitter:data1\" content=\"2 minutes\" \/>\n<script type=\"application\/ld+json\" class=\"yoast-schema-graph\">{\"@context\":\"https:\\\/\\\/schema.org\",\"@graph\":[{\"@type\":\"WebPage\",\"@id\":\"https:\\\/\\\/www.bowier-trust.org\\\/projects\\\/\",\"url\":\"https:\\\/\\\/www.bowier-trust.org\\\/projects\\\/\",\"name\":\"Projekte - Bowier Trust Foundation Switzerland\",\"isPartOf\":{\"@id\":\"https:\\\/\\\/www.bowier-trust.org\\\/#website\"},\"primaryImageOfPage\":{\"@id\":\"https:\\\/\\\/www.bowier-trust.org\\\/projects\\\/#primaryimage\"},\"image\":{\"@id\":\"https:\\\/\\\/www.bowier-trust.org\\\/projects\\\/#primaryimage\"},\"thumbnailUrl\":\"https:\\\/\\\/www.bowier-trust.org\\\/wp-content\\\/uploads\\\/2018\\\/01\\\/cropped-cropped-P1010200.jpg\",\"datePublished\":\"2017-01-10T13:44:10+00:00\",\"dateModified\":\"2022-05-22T23:24:18+00:00\",\"breadcrumb\":{\"@id\":\"https:\\\/\\\/www.bowier-trust.org\\\/projects\\\/#breadcrumb\"},\"inLanguage\":\"en-US\",\"potentialAction\":[{\"@type\":\"ReadAction\",\"target\":[\"https:\\\/\\\/www.bowier-trust.org\\\/projects\\\/\"]}]},{\"@type\":\"ImageObject\",\"inLanguage\":\"en-US\",\"@id\":\"https:\\\/\\\/www.bowier-trust.org\\\/projects\\\/#primaryimage\",\"url\":\"https:\\\/\\\/www.bowier-trust.org\\\/wp-content\\\/uploads\\\/2018\\\/01\\\/cropped-cropped-P1010200.jpg\",\"contentUrl\":\"https:\\\/\\\/www.bowier-trust.org\\\/wp-content\\\/uploads\\\/2018\\\/01\\\/cropped-cropped-P1010200.jpg\",\"width\":1800,\"height\":839},{\"@type\":\"BreadcrumbList\",\"@id\":\"https:\\\/\\\/www.bowier-trust.org\\\/projects\\\/#breadcrumb\",\"itemListElement\":[{\"@type\":\"ListItem\",\"position\":1,\"name\":\"Startseite\",\"item\":\"https:\\\/\\\/www.bowier-trust.org\\\/\"},{\"@type\":\"ListItem\",\"position\":2,\"name\":\"Projekte\"}]},{\"@type\":\"WebSite\",\"@id\":\"https:\\\/\\\/www.bowier-trust.org\\\/#website\",\"url\":\"https:\\\/\\\/www.bowier-trust.org\\\/\",\"name\":\"Bowier Trust Foundation Switzerland\",\"description\":\"\",\"publisher\":{\"@id\":\"https:\\\/\\\/www.bowier-trust.org\\\/#organization\"},\"potentialAction\":[{\"@type\":\"SearchAction\",\"target\":{\"@type\":\"EntryPoint\",\"urlTemplate\":\"https:\\\/\\\/www.bowier-trust.org\\\/?s={search_term_string}\"},\"query-input\":{\"@type\":\"PropertyValueSpecification\",\"valueRequired\":true,\"valueName\":\"search_term_string\"}}],\"inLanguage\":\"en-US\"},{\"@type\":\"Organization\",\"@id\":\"https:\\\/\\\/www.bowier-trust.org\\\/#organization\",\"name\":\"Bowier Trust Foundation Switzerland\",\"url\":\"https:\\\/\\\/www.bowier-trust.org\\\/\",\"logo\":{\"@type\":\"ImageObject\",\"inLanguage\":\"en-US\",\"@id\":\"https:\\\/\\\/www.bowier-trust.org\\\/#\\\/schema\\\/logo\\\/image\\\/\",\"url\":\"https:\\\/\\\/www.bowier-trust.org\\\/wp-content\\\/uploads\\\/2022\\\/01\\\/BTFS-Logo-Original-removebg.png\",\"contentUrl\":\"https:\\\/\\\/www.bowier-trust.org\\\/wp-content\\\/uploads\\\/2022\\\/01\\\/BTFS-Logo-Original-removebg.png\",\"width\":445,\"height\":561,\"caption\":\"Bowier Trust Foundation Switzerland\"},\"image\":{\"@id\":\"https:\\\/\\\/www.bowier-trust.org\\\/#\\\/schema\\\/logo\\\/image\\\/\"},\"sameAs\":[\"https:\\\/\\\/www.instagram.com\\\/btfs_liberia\\\/\"]}]}<\/script>\n<!-- \/ Yoast SEO plugin. -->","yoast_head_json":{"title":"Projekte - Bowier Trust Foundation Switzerland","robots":{"index":"index","follow":"follow","max-snippet":"max-snippet:-1","max-image-preview":"max-image-preview:large","max-video-preview":"max-video-preview:-1"},"canonical":"https:\/\/www.bowier-trust.org\/en_us\/projects\/","og_locale":"en_US","og_type":"article","og_title":"Projekte - Bowier Trust Foundation Switzerland","og_description":"Projekte \u201eDie Projekte der Stiftung BOWIER TRUST SWITZERLAND f\u00f6rdern internationalen Wissensaustausch und realisieren Projekte in den Bereichen Wasserbau, Umwelttechnologie und Gesundheit.\u201c Nach einem mehrj\u00e4hrigen UNO-Mandat (UNMIL-UNPOL) von Stiftungsgr\u00fcnder Felix F. Walz verlagerte sich der urspr\u00fcngliche Schwerpunkt der F\u00f6rderung des \u00f6ffentlichen Gemeinwesens und der Zusammenarbeit mit der Liberia National Police zunehmend.Die N\u00f6te im Land waren und [&hellip;]","og_url":"https:\/\/www.bowier-trust.org\/en_us\/projects\/","og_site_name":"Bowier Trust Foundation Switzerland","article_modified_time":"2022-05-22T23:24:18+00:00","og_image":[{"width":1800,"height":839,"url":"https:\/\/www.bowier-trust.org\/wp-content\/uploads\/2018\/01\/cropped-cropped-P1010200.jpg","type":"image\/jpeg"}],"twitter_card":"summary_large_image","twitter_misc":{"Est. reading time":"2 minutes"},"schema":{"@context":"https:\/\/schema.org","@graph":[{"@type":"WebPage","@id":"https:\/\/www.bowier-trust.org\/projects\/","url":"https:\/\/www.bowier-trust.org\/projects\/","name":"Projekte - Bowier Trust Foundation Switzerland","isPartOf":{"@id":"https:\/\/www.bowier-trust.org\/#website"},"primaryImageOfPage":{"@id":"https:\/\/www.bowier-trust.org\/projects\/#primaryimage"},"image":{"@id":"https:\/\/www.bowier-trust.org\/projects\/#primaryimage"},"thumbnailUrl":"https:\/\/www.bowier-trust.org\/wp-content\/uploads\/2018\/01\/cropped-cropped-P1010200.jpg","datePublished":"2017-01-10T13:44:10+00:00","dateModified":"2022-05-22T23:24:18+00:00","breadcrumb":{"@id":"https:\/\/www.bowier-trust.org\/projects\/#breadcrumb"},"inLanguage":"en-US","potentialAction":[{"@type":"ReadAction","target":["https:\/\/www.bowier-trust.org\/projects\/"]}]},{"@type":"ImageObject","inLanguage":"en-US","@id":"https:\/\/www.bowier-trust.org\/projects\/#primaryimage","url":"https:\/\/www.bowier-trust.org\/wp-content\/uploads\/2018\/01\/cropped-cropped-P1010200.jpg","contentUrl":"https:\/\/www.bowier-trust.org\/wp-content\/uploads\/2018\/01\/cropped-cropped-P1010200.jpg","width":1800,"height":839},{"@type":"BreadcrumbList","@id":"https:\/\/www.bowier-trust.org\/projects\/#breadcrumb","itemListElement":[{"@type":"ListItem","position":1,"name":"Startseite","item":"https:\/\/www.bowier-trust.org\/"},{"@type":"ListItem","position":2,"name":"Projekte"}]},{"@type":"WebSite","@id":"https:\/\/www.bowier-trust.org\/#website","url":"https:\/\/www.bowier-trust.org\/","name":"Bowier Trust Foundation Switzerland","description":"","publisher":{"@id":"https:\/\/www.bowier-trust.org\/#organization"},"potentialAction":[{"@type":"SearchAction","target":{"@type":"EntryPoint","urlTemplate":"https:\/\/www.bowier-trust.org\/?s={search_term_string}"},"query-input":{"@type":"PropertyValueSpecification","valueRequired":true,"valueName":"search_term_string"}}],"inLanguage":"en-US"},{"@type":"Organization","@id":"https:\/\/www.bowier-trust.org\/#organization","name":"Bowier Trust Foundation Switzerland","url":"https:\/\/www.bowier-trust.org\/","logo":{"@type":"ImageObject","inLanguage":"en-US","@id":"https:\/\/www.bowier-trust.org\/#\/schema\/logo\/image\/","url":"https:\/\/www.bowier-trust.org\/wp-content\/uploads\/2022\/01\/BTFS-Logo-Original-removebg.png","contentUrl":"https:\/\/www.bowier-trust.org\/wp-content\/uploads\/2022\/01\/BTFS-Logo-Original-removebg.png","width":445,"height":561,"caption":"Bowier Trust Foundation Switzerland"},"image":{"@id":"https:\/\/www.bowier-trust.org\/#\/schema\/logo\/image\/"},"sameAs":["https:\/\/www.instagram.com\/btfs_liberia\/"]}]}},"campaignId":"","_links":{"self":[{"href":"https:\/\/www.bowier-trust.org\/en_us\/wp-json\/wp\/v2\/pages\/194","targetHints":{"allow":["GET"]}}],"collection":[{"href":"https:\/\/www.bowier-trust.org\/en_us\/wp-json\/wp\/v2\/pages"}],"about":[{"href":"https:\/\/www.bowier-trust.org\/en_us\/wp-json\/wp\/v2\/types\/page"}],"author":[{"embeddable":true,"href":"https:\/\/www.bowier-trust.org\/en_us\/wp-json\/wp\/v2\/users\/1"}],"replies":[{"embeddable":true,"href":"https:\/\/www.bowier-trust.org\/en_us\/wp-json\/wp\/v2\/comments?post=194"}],"version-history":[{"count":23,"href":"https:\/\/www.bowier-trust.org\/en_us\/wp-json\/wp\/v2\/pages\/194\/revisions"}],"predecessor-version":[{"id":2961,"href":"https:\/\/www.bowier-trust.org\/en_us\/wp-json\/wp\/v2\/pages\/194\/revisions\/2961"}],"wp:featuredmedia":[{"embeddable":true,"href":"https:\/\/www.bowier-trust.org\/en_us\/wp-json\/wp\/v2\/media\/695"}],"wp:attachment":[{"href":"https:\/\/www.bowier-trust.org\/en_us\/wp-json\/wp\/v2\/media?parent=194"}],"curies":[{"name":"wp","href":"https:\/\/api.w.org\/{rel}","templated":true}]}}