{"id":1998,"date":"2021-10-22T16:02:17","date_gmt":"2021-10-22T16:02:17","guid":{"rendered":"https:\/\/www.bowier-trust.org\/?page_id=1998"},"modified":"2022-01-25T05:52:59","modified_gmt":"2022-01-25T05:52:59","slug":"beziehung-zur-liberianischen-polizei","status":"publish","type":"page","link":"https:\/\/www.bowier-trust.org\/en_us\/about-us\/beziehung-zur-liberianischen-polizei\/","title":{"rendered":"Relation to the Liberia National Police"},"content":{"rendered":"<div data-elementor-type=\"wp-page\" data-elementor-id=\"1998\" class=\"elementor elementor-1998\" data-elementor-post-type=\"page\">\n\t\t\t\t\t\t<section class=\"elementor-section elementor-top-section elementor-element elementor-element-394f5fa elementor-section-boxed elementor-section-height-default elementor-section-height-default\" data-id=\"394f5fa\" data-element_type=\"section\" data-e-type=\"section\">\n\t\t\t\t\t\t<div class=\"elementor-container elementor-column-gap-default\">\n\t\t\t\t\t<div class=\"elementor-column elementor-col-100 elementor-top-column elementor-element elementor-element-5774a21\" data-id=\"5774a21\" data-element_type=\"column\" data-e-type=\"column\">\n\t\t\t<div class=\"elementor-widget-wrap elementor-element-populated\">\n\t\t\t\t\t\t<div class=\"elementor-element elementor-element-5c59566 elementor-widget elementor-widget-heading\" data-id=\"5c59566\" data-element_type=\"widget\" data-e-type=\"widget\" data-widget_type=\"heading.default\">\n\t\t\t\t<div class=\"elementor-widget-container\">\n\t\t\t\t\t<h1 class=\"elementor-heading-title elementor-size-default\">Relation to the Liberia National Police<\/h1>\t\t\t\t<\/div>\n\t\t\t\t<\/div>\n\t\t\t\t<div class=\"elementor-element elementor-element-dcdf6c7 elementor-widget elementor-widget-text-editor\" data-id=\"dcdf6c7\" data-element_type=\"widget\" data-e-type=\"widget\" data-widget_type=\"text-editor.default\">\n\t\t\t\t<div class=\"elementor-widget-container\">\n\t\t\t\t\t\t\t\t\t<div class=\"personPortrait\"><blockquote><p>\u201cThe Bowier Trust Foundation Community Partnership Activities  is in support to build a bridge between public society and the Liberian National Police!\u201d<\/p><\/blockquote><p class=\"\">Active involvement of LNP Officers as merely indigenous Liberians plays a key role. Police Officers interact, discuss, teach, monitor, mentor and provide public safety relevant support, hence the positive effect is twofold. The projects general aim is in line with humanity and therefore people- and in particularly students-cantered. The Police Officers got a broader understanding of what matters to the children and their parents and families. In turn, the children and parents involved get a much better understanding of the Police and how Police is working. This may have been attributable factors to radiate positive trust building effects between School and Police into the community structures, such as County Security Councils, Religion, Community- and Township Leader and City Mayors, the Youth, Women-Organisations, Parents-Teacher Association, Motorcyclists, Business, Medias etc.<\/p><p class=\"\">As an additional effect, the substance is automatically created for pro-active planning and prevention, instead of mainly re-active activity in managing problems.<\/p><p class=\"\">The School Building project at the SD Cooper Road Community, Immanuel Christian Academy and Immanuel Church is clearly spearheading further and future relevant activities to improve the relationship between ordinary members of the local society and the Police in the said area.<\/p><p class=\"\">The BT Foundation\u2019s commitment is in full support of ongoing endeavours of the Liberia National Police to implement the ratified Community Police Policy Strategy by means of: Planning, coordination, organization, analyses, evaluation and access to international expertise in the field of contemporary Community Policing.<\/p><\/div>\t\t\t\t\t\t\t\t<\/div>\n\t\t\t\t<\/div>\n\t\t\t\t<div class=\"elementor-element elementor-element-cf47a25 elementor-widget elementor-widget-text-editor\" data-id=\"cf47a25\" data-element_type=\"widget\" data-e-type=\"widget\" data-widget_type=\"text-editor.default\">\n\t\t\t\t<div class=\"elementor-widget-container\">\n\t\t\t\t\t\t\t\t\t<h3><strong>Tarnue Kerkula<\/strong><\/h3>\n<p><a href=\"https:\/\/www.bowier-trust.org\/wp-content\/uploads\/2018\/03\/Tarneu-Kerkula.jpg\"><img fetchpriority=\"high\" decoding=\"async\" class=\"alignnone size-medium wp-image-1040\" src=\"https:\/\/www.bowier-trust.org\/wp-content\/uploads\/2018\/03\/Tarneu-Kerkula-300x212.jpg\" alt=\"\" width=\"300\" height=\"212\" srcset=\"https:\/\/www.bowier-trust.org\/wp-content\/uploads\/2018\/03\/Tarneu-Kerkula-300x212.jpg 300w, https:\/\/www.bowier-trust.org\/wp-content\/uploads\/2018\/03\/Tarneu-Kerkula-768x542.jpg 768w, https:\/\/www.bowier-trust.org\/wp-content\/uploads\/2018\/03\/Tarneu-Kerkula-640x451.jpg 640w, https:\/\/www.bowier-trust.org\/wp-content\/uploads\/2018\/03\/Tarneu-Kerkula-397x280.jpg 397w, https:\/\/www.bowier-trust.org\/wp-content\/uploads\/2018\/03\/Tarneu-Kerkula.jpg 777w\" sizes=\"(max-width: 300px) 100vw, 300px\" \/><\/a><\/p>\n<p>Tarnue Kerkula comes with humility and is a willing to serves the Public in his capacity as a Liberia National Police (LNP) Officer.<\/p>\n<p>His Work with in the law enforcement sector cannot only being seen visible but is a pragmatism among Liberians struggling to build a resilient security sector.<\/p>\n<p>From his interaction in community base initiatives, most especially promoting community policing in hotspot across Liberia, Kerkula was earmarked as a dedicated personality by cross sections of Bowier Trust Foundation Staffs and have accepted this honor with proud to do more to public service.<\/p>\n<p>Kerkula currently serves as General Commander of the Zone Eight Depot In Paynesville.<\/p>\n<p><a href=\"https:\/\/www.bowier-trust.org\/wp-content\/uploads\/2018\/03\/0418-Lageplan-LNP-Protrait-Kerkula.jpg\"><img decoding=\"async\" class=\"alignnone size-medium wp-image-1041\" src=\"https:\/\/www.bowier-trust.org\/wp-content\/uploads\/2018\/03\/0418-Lageplan-LNP-Protrait-Kerkula-300x225.jpg\" alt=\"\" width=\"300\" height=\"225\" srcset=\"https:\/\/www.bowier-trust.org\/wp-content\/uploads\/2018\/03\/0418-Lageplan-LNP-Protrait-Kerkula-300x225.jpg 300w, https:\/\/www.bowier-trust.org\/wp-content\/uploads\/2018\/03\/0418-Lageplan-LNP-Protrait-Kerkula-640x480.jpg 640w, https:\/\/www.bowier-trust.org\/wp-content\/uploads\/2018\/03\/0418-Lageplan-LNP-Protrait-Kerkula-373x280.jpg 373w, https:\/\/www.bowier-trust.org\/wp-content\/uploads\/2018\/03\/0418-Lageplan-LNP-Protrait-Kerkula.jpg 754w\" sizes=\"(max-width: 300px) 100vw, 300px\" \/><\/a><\/p><p><br><\/p>\n<h3><strong>Kerkula\u2019s Story<\/strong><\/h3>\n<p>\u201cI am a son of Liberia and hailed from Lofa County, Kolahun District, a devoted Christian who is married. I serve as Chief Superintendent for the past eight years and I am a student of the University of Liberia studying Public Administration Major and Management Minor\u201d<\/p>\n<p>I am among the first class graduates of community policing of the Liberia National Police  and a servant of the community which he serves.\u201d<\/p>\n<p><strong>Tarnue Relationship and Experience with Community<\/strong><\/p>\n<p>His relationship with community members currently serves as a pathway for other law enforcers to built a better relationship with their communities.<\/p>\n<p>\u201cI take people within my community to be my bosses because it is my pleasure to serve people.<\/p>\n<p>As a resident of Freedom-Land Community in Paynesville City, I have always find myself in services, ranging from school, church, private security and now the Liberian National Police force in serving my nation\u201d<\/p>\n<p>As a servant, he feel disheartening when people are abuse in all forms and manner due to vulnerability.<\/p>\n<p>\u201cI feel it is my duty to serve my nation, especially where people are left vulnerable and abuse and they need assistance. I feel that if indeed I just sit at the bench and watch, I will have no input.<\/p>\n<p>I feel that the only way to give relieve to my citizens is to form myself part of the service agency, and this agency is the Liberia National Police which I see as the best because they interact with the public on a daily basis.\u201d<\/p>\n<p>As a passionate worker and once member of the boy-scout, he feel that the police will make it easily for him to work in the community, saying I am very proud because I am not a Commander that sits in office and give command, but I am always on the field.\u201d<\/p><p><br><\/p>\n<h3><strong>Impact of LNP Service <\/strong><\/h3>\n<p>A 15 years of service to the Liberia Police is quite significant but Tarnue feels he still have more to offer his country.<\/p>\n<p>\u201cI am in my 15 years of service to the LNP and I have made significant difference.<\/p>\n<p>When I joined the Liberia National Police, Paynesville was the most high crime breeding area in Montserrado\u201d<\/p>\n<p>\u201cIn 2004, we had a group of criminals call \u2018Asakaba\u2019 in the Redlight area located in Paynesville who frustrated people, take away people materials and beat them and sometimes abuse them. But after I found myself in the position to rescue, I ensure that they were remove from that area\u201d. The criminals used a gospel song commonly sang in Liberiann churches for praise and worship called \u201cLift him up higher, lift Jesus up higher\u201d to implement their deeds.<\/p>\n<p>They sang as they attack someone passing through a route that they were stationed \u201cLift him up higher; bring him down lower, what you have money, give us it, yes sir\u201d<\/p>\n<p>\u201cWhile serving as Commander of Zone nine in Redlight, I was able to work with the community police to bring down many hardcore criminal gangs in Paynesville, including the notorious \u2018Turtle Base\u2019 and things are still working up to now.\u201d<\/p><p><br><\/p>\n<h3><strong>Relationship with BTFS<\/strong><\/h3>\n<p>In 2014 \u2013 during the EBOLA crisis \u2013 Commander Kerkula began working with by then UNPOL Peacekeeper, Police Captain Felix Walz, later founder of the Bowier Trust Foundation, and became close friends with him.<\/p>\n<p>Kerkuka has used Bowier Trust Foundation as a limelight to create massive awareness and stronger relationship in various community.<\/p>\n<p>\u201cI must be grateful to the all mighty God, because with the Bowier Trust Foundation which is an NGO that really embrace this concept and support our ideas.<\/p>\n<p>And this concept initiated by Bowier Trust has been supported 100% by our political Representative, Hon. Samuel Enders and as for now, we have a listing of over 210 persons willing to form part of the community policing force\u201d (vigilante units).<\/p><p><br><\/p>\n<h3><strong>Called for Capacity Growth<\/strong><\/h3>\n<p>\u201cWe believe in capacity building, and we are doing the vetting of the men; we will be training them in community policing and information sharing, human rights, our constitution and how to applied force as well as the limitation of their powers and Code of Conduct.<\/p><p><br><\/p>\n<h3><strong>Challenges while Serving \/ Motorcyclists<\/strong><\/h3>\n<p>Mobility remains a challenge not only to Supt. Kerkula\u2019s command of the LNP,  but to several other security sectors.<\/p>\n<p>\u201cMobility is a serious challenge, but in so doing, the limited resource we have is used to provide service to our people.<\/p>\n<p>Some communities are not layout, so in case of incident to get easy access in responding on time will not be accurate.<\/p>\n<p>We want BTFS to help in that direction for us and to also help us with at least three laptops that will help us easily carried out our work, because we are in the digital age.\u201d These materials according to Supt. Kerkula will help with fast information sharing.<\/p>\n<p>Concluding, Kerkula named BTFS \u2013 Police \u2013 Motorcyclist relationship as vibrant, which he noted have created a stronger partnership between the two group more than ever before, but stressed the need that more training be done<\/p>\t\t\t\t\t\t\t\t<\/div>\n\t\t\t\t<\/div>\n\t\t\t\t\t<\/div>\n\t\t<\/div>\n\t\t\t\t\t<\/div>\n\t\t<\/section>\n\t\t\t\t<\/div>","protected":false},"excerpt":{"rendered":"<p>Verh\u00e4ltnis zur Liberia National Police &#8222;Die Aktivit\u00e4ten zur St\u00fctzung des Gemeinwesens durch die Bowier Trust Stiftung Schweiz \u00a0sind \u201eBr\u00fcckenbildend\u201c zwischen der Bev\u00f6lkerung und der Nationalen Polizei in Liberia&#8220; Die aktive Beteiligung der LNP-Polizisten als indigene Liberianer spielt eine Schl\u00fcsselrolle. Polizeibeamte interagieren, diskutieren, lehren, \u00fcberwachen und beraten in allen Belangen der \u00f6ffentlichen Sicherheit, wodurch eine zweifache [&hellip;]<\/p>\n","protected":false},"author":1,"featured_media":695,"parent":13,"menu_order":0,"comment_status":"closed","ping_status":"closed","template":"elementor_header_footer","meta":{"give_campaign_id":0,"_monsterinsights_skip_tracking":false,"_monsterinsights_sitenote_active":false,"_monsterinsights_sitenote_note":"","_monsterinsights_sitenote_category":0,"footnotes":""},"class_list":["post-1998","page","type-page","status-publish","has-post-thumbnail","hentry"],"yoast_head":"<!-- This site is optimized with the Yoast SEO plugin v27.4 - https:\/\/yoast.com\/product\/yoast-seo-wordpress\/ -->\n<title>Beziehung zur Liberianischen Polizei - Bowier Trust Foundation Switzerland<\/title>\n<meta name=\"robots\" content=\"index, follow, max-snippet:-1, max-image-preview:large, max-video-preview:-1\" \/>\n<link rel=\"canonical\" href=\"https:\/\/www.bowier-trust.org\/en_us\/about-us\/beziehung-zur-liberianischen-polizei\/\" \/>\n<meta property=\"og:locale\" content=\"en_US\" \/>\n<meta property=\"og:type\" content=\"article\" \/>\n<meta property=\"og:title\" content=\"Beziehung zur Liberianischen Polizei - Bowier Trust Foundation Switzerland\" \/>\n<meta property=\"og:description\" content=\"Verh\u00e4ltnis zur Liberia National Police &#8222;Die Aktivit\u00e4ten zur St\u00fctzung des Gemeinwesens durch die Bowier Trust Stiftung Schweiz \u00a0sind \u201eBr\u00fcckenbildend\u201c zwischen der Bev\u00f6lkerung und der Nationalen Polizei in Liberia&#8220; Die aktive Beteiligung der LNP-Polizisten als indigene Liberianer spielt eine Schl\u00fcsselrolle. Polizeibeamte interagieren, diskutieren, lehren, \u00fcberwachen und beraten in allen Belangen der \u00f6ffentlichen Sicherheit, wodurch eine zweifache [&hellip;]\" \/>\n<meta property=\"og:url\" content=\"https:\/\/www.bowier-trust.org\/en_us\/about-us\/beziehung-zur-liberianischen-polizei\/\" \/>\n<meta property=\"og:site_name\" content=\"Bowier Trust Foundation Switzerland\" \/>\n<meta property=\"article:modified_time\" content=\"2022-01-25T05:52:59+00:00\" \/>\n<meta property=\"og:image\" content=\"https:\/\/www.bowier-trust.org\/wp-content\/uploads\/2018\/01\/cropped-cropped-P1010200.jpg\" \/>\n\t<meta property=\"og:image:width\" content=\"1800\" \/>\n\t<meta property=\"og:image:height\" content=\"839\" \/>\n\t<meta property=\"og:image:type\" content=\"image\/jpeg\" \/>\n<meta name=\"twitter:card\" content=\"summary_large_image\" \/>\n<meta name=\"twitter:label1\" content=\"Est. reading time\" \/>\n\t<meta name=\"twitter:data1\" content=\"8 minutes\" \/>\n<script type=\"application\/ld+json\" class=\"yoast-schema-graph\">{\"@context\":\"https:\\\/\\\/schema.org\",\"@graph\":[{\"@type\":\"WebPage\",\"@id\":\"https:\\\/\\\/www.bowier-trust.org\\\/about-us\\\/beziehung-zur-liberianischen-polizei\\\/\",\"url\":\"https:\\\/\\\/www.bowier-trust.org\\\/about-us\\\/beziehung-zur-liberianischen-polizei\\\/\",\"name\":\"Beziehung zur Liberianischen Polizei - Bowier Trust Foundation Switzerland\",\"isPartOf\":{\"@id\":\"https:\\\/\\\/www.bowier-trust.org\\\/#website\"},\"primaryImageOfPage\":{\"@id\":\"https:\\\/\\\/www.bowier-trust.org\\\/about-us\\\/beziehung-zur-liberianischen-polizei\\\/#primaryimage\"},\"image\":{\"@id\":\"https:\\\/\\\/www.bowier-trust.org\\\/about-us\\\/beziehung-zur-liberianischen-polizei\\\/#primaryimage\"},\"thumbnailUrl\":\"https:\\\/\\\/www.bowier-trust.org\\\/wp-content\\\/uploads\\\/2018\\\/01\\\/cropped-cropped-P1010200.jpg\",\"datePublished\":\"2021-10-22T16:02:17+00:00\",\"dateModified\":\"2022-01-25T05:52:59+00:00\",\"breadcrumb\":{\"@id\":\"https:\\\/\\\/www.bowier-trust.org\\\/about-us\\\/beziehung-zur-liberianischen-polizei\\\/#breadcrumb\"},\"inLanguage\":\"en-US\",\"potentialAction\":[{\"@type\":\"ReadAction\",\"target\":[\"https:\\\/\\\/www.bowier-trust.org\\\/about-us\\\/beziehung-zur-liberianischen-polizei\\\/\"]}]},{\"@type\":\"ImageObject\",\"inLanguage\":\"en-US\",\"@id\":\"https:\\\/\\\/www.bowier-trust.org\\\/about-us\\\/beziehung-zur-liberianischen-polizei\\\/#primaryimage\",\"url\":\"https:\\\/\\\/www.bowier-trust.org\\\/wp-content\\\/uploads\\\/2018\\\/01\\\/cropped-cropped-P1010200.jpg\",\"contentUrl\":\"https:\\\/\\\/www.bowier-trust.org\\\/wp-content\\\/uploads\\\/2018\\\/01\\\/cropped-cropped-P1010200.jpg\",\"width\":1800,\"height\":839},{\"@type\":\"BreadcrumbList\",\"@id\":\"https:\\\/\\\/www.bowier-trust.org\\\/about-us\\\/beziehung-zur-liberianischen-polizei\\\/#breadcrumb\",\"itemListElement\":[{\"@type\":\"ListItem\",\"position\":1,\"name\":\"Startseite\",\"item\":\"https:\\\/\\\/www.bowier-trust.org\\\/\"},{\"@type\":\"ListItem\",\"position\":2,\"name\":\"\u00dcber uns\",\"item\":\"https:\\\/\\\/www.bowier-trust.org\\\/about-us\\\/\"},{\"@type\":\"ListItem\",\"position\":3,\"name\":\"Beziehung zur Liberianischen Polizei\"}]},{\"@type\":\"WebSite\",\"@id\":\"https:\\\/\\\/www.bowier-trust.org\\\/#website\",\"url\":\"https:\\\/\\\/www.bowier-trust.org\\\/\",\"name\":\"Bowier Trust Foundation Switzerland\",\"description\":\"\",\"publisher\":{\"@id\":\"https:\\\/\\\/www.bowier-trust.org\\\/#organization\"},\"potentialAction\":[{\"@type\":\"SearchAction\",\"target\":{\"@type\":\"EntryPoint\",\"urlTemplate\":\"https:\\\/\\\/www.bowier-trust.org\\\/?s={search_term_string}\"},\"query-input\":{\"@type\":\"PropertyValueSpecification\",\"valueRequired\":true,\"valueName\":\"search_term_string\"}}],\"inLanguage\":\"en-US\"},{\"@type\":\"Organization\",\"@id\":\"https:\\\/\\\/www.bowier-trust.org\\\/#organization\",\"name\":\"Bowier Trust Foundation Switzerland\",\"url\":\"https:\\\/\\\/www.bowier-trust.org\\\/\",\"logo\":{\"@type\":\"ImageObject\",\"inLanguage\":\"en-US\",\"@id\":\"https:\\\/\\\/www.bowier-trust.org\\\/#\\\/schema\\\/logo\\\/image\\\/\",\"url\":\"https:\\\/\\\/www.bowier-trust.org\\\/wp-content\\\/uploads\\\/2022\\\/01\\\/BTFS-Logo-Original-removebg.png\",\"contentUrl\":\"https:\\\/\\\/www.bowier-trust.org\\\/wp-content\\\/uploads\\\/2022\\\/01\\\/BTFS-Logo-Original-removebg.png\",\"width\":445,\"height\":561,\"caption\":\"Bowier Trust Foundation Switzerland\"},\"image\":{\"@id\":\"https:\\\/\\\/www.bowier-trust.org\\\/#\\\/schema\\\/logo\\\/image\\\/\"},\"sameAs\":[\"https:\\\/\\\/www.instagram.com\\\/btfs_liberia\\\/\"]}]}<\/script>\n<!-- \/ Yoast SEO plugin. -->","yoast_head_json":{"title":"Beziehung zur Liberianischen Polizei - Bowier Trust Foundation Switzerland","robots":{"index":"index","follow":"follow","max-snippet":"max-snippet:-1","max-image-preview":"max-image-preview:large","max-video-preview":"max-video-preview:-1"},"canonical":"https:\/\/www.bowier-trust.org\/en_us\/about-us\/beziehung-zur-liberianischen-polizei\/","og_locale":"en_US","og_type":"article","og_title":"Beziehung zur Liberianischen Polizei - Bowier Trust Foundation Switzerland","og_description":"Verh\u00e4ltnis zur Liberia National Police &#8222;Die Aktivit\u00e4ten zur St\u00fctzung des Gemeinwesens durch die Bowier Trust Stiftung Schweiz \u00a0sind \u201eBr\u00fcckenbildend\u201c zwischen der Bev\u00f6lkerung und der Nationalen Polizei in Liberia&#8220; Die aktive Beteiligung der LNP-Polizisten als indigene Liberianer spielt eine Schl\u00fcsselrolle. Polizeibeamte interagieren, diskutieren, lehren, \u00fcberwachen und beraten in allen Belangen der \u00f6ffentlichen Sicherheit, wodurch eine zweifache [&hellip;]","og_url":"https:\/\/www.bowier-trust.org\/en_us\/about-us\/beziehung-zur-liberianischen-polizei\/","og_site_name":"Bowier Trust Foundation Switzerland","article_modified_time":"2022-01-25T05:52:59+00:00","og_image":[{"width":1800,"height":839,"url":"https:\/\/www.bowier-trust.org\/wp-content\/uploads\/2018\/01\/cropped-cropped-P1010200.jpg","type":"image\/jpeg"}],"twitter_card":"summary_large_image","twitter_misc":{"Est. reading time":"8 minutes"},"schema":{"@context":"https:\/\/schema.org","@graph":[{"@type":"WebPage","@id":"https:\/\/www.bowier-trust.org\/about-us\/beziehung-zur-liberianischen-polizei\/","url":"https:\/\/www.bowier-trust.org\/about-us\/beziehung-zur-liberianischen-polizei\/","name":"Beziehung zur Liberianischen Polizei - Bowier Trust Foundation Switzerland","isPartOf":{"@id":"https:\/\/www.bowier-trust.org\/#website"},"primaryImageOfPage":{"@id":"https:\/\/www.bowier-trust.org\/about-us\/beziehung-zur-liberianischen-polizei\/#primaryimage"},"image":{"@id":"https:\/\/www.bowier-trust.org\/about-us\/beziehung-zur-liberianischen-polizei\/#primaryimage"},"thumbnailUrl":"https:\/\/www.bowier-trust.org\/wp-content\/uploads\/2018\/01\/cropped-cropped-P1010200.jpg","datePublished":"2021-10-22T16:02:17+00:00","dateModified":"2022-01-25T05:52:59+00:00","breadcrumb":{"@id":"https:\/\/www.bowier-trust.org\/about-us\/beziehung-zur-liberianischen-polizei\/#breadcrumb"},"inLanguage":"en-US","potentialAction":[{"@type":"ReadAction","target":["https:\/\/www.bowier-trust.org\/about-us\/beziehung-zur-liberianischen-polizei\/"]}]},{"@type":"ImageObject","inLanguage":"en-US","@id":"https:\/\/www.bowier-trust.org\/about-us\/beziehung-zur-liberianischen-polizei\/#primaryimage","url":"https:\/\/www.bowier-trust.org\/wp-content\/uploads\/2018\/01\/cropped-cropped-P1010200.jpg","contentUrl":"https:\/\/www.bowier-trust.org\/wp-content\/uploads\/2018\/01\/cropped-cropped-P1010200.jpg","width":1800,"height":839},{"@type":"BreadcrumbList","@id":"https:\/\/www.bowier-trust.org\/about-us\/beziehung-zur-liberianischen-polizei\/#breadcrumb","itemListElement":[{"@type":"ListItem","position":1,"name":"Startseite","item":"https:\/\/www.bowier-trust.org\/"},{"@type":"ListItem","position":2,"name":"\u00dcber uns","item":"https:\/\/www.bowier-trust.org\/about-us\/"},{"@type":"ListItem","position":3,"name":"Beziehung zur Liberianischen Polizei"}]},{"@type":"WebSite","@id":"https:\/\/www.bowier-trust.org\/#website","url":"https:\/\/www.bowier-trust.org\/","name":"Bowier Trust Foundation Switzerland","description":"","publisher":{"@id":"https:\/\/www.bowier-trust.org\/#organization"},"potentialAction":[{"@type":"SearchAction","target":{"@type":"EntryPoint","urlTemplate":"https:\/\/www.bowier-trust.org\/?s={search_term_string}"},"query-input":{"@type":"PropertyValueSpecification","valueRequired":true,"valueName":"search_term_string"}}],"inLanguage":"en-US"},{"@type":"Organization","@id":"https:\/\/www.bowier-trust.org\/#organization","name":"Bowier Trust Foundation Switzerland","url":"https:\/\/www.bowier-trust.org\/","logo":{"@type":"ImageObject","inLanguage":"en-US","@id":"https:\/\/www.bowier-trust.org\/#\/schema\/logo\/image\/","url":"https:\/\/www.bowier-trust.org\/wp-content\/uploads\/2022\/01\/BTFS-Logo-Original-removebg.png","contentUrl":"https:\/\/www.bowier-trust.org\/wp-content\/uploads\/2022\/01\/BTFS-Logo-Original-removebg.png","width":445,"height":561,"caption":"Bowier Trust Foundation Switzerland"},"image":{"@id":"https:\/\/www.bowier-trust.org\/#\/schema\/logo\/image\/"},"sameAs":["https:\/\/www.instagram.com\/btfs_liberia\/"]}]}},"campaignId":"","_links":{"self":[{"href":"https:\/\/www.bowier-trust.org\/en_us\/wp-json\/wp\/v2\/pages\/1998","targetHints":{"allow":["GET"]}}],"collection":[{"href":"https:\/\/www.bowier-trust.org\/en_us\/wp-json\/wp\/v2\/pages"}],"about":[{"href":"https:\/\/www.bowier-trust.org\/en_us\/wp-json\/wp\/v2\/types\/page"}],"author":[{"embeddable":true,"href":"https:\/\/www.bowier-trust.org\/en_us\/wp-json\/wp\/v2\/users\/1"}],"replies":[{"embeddable":true,"href":"https:\/\/www.bowier-trust.org\/en_us\/wp-json\/wp\/v2\/comments?post=1998"}],"version-history":[{"count":7,"href":"https:\/\/www.bowier-trust.org\/en_us\/wp-json\/wp\/v2\/pages\/1998\/revisions"}],"predecessor-version":[{"id":2454,"href":"https:\/\/www.bowier-trust.org\/en_us\/wp-json\/wp\/v2\/pages\/1998\/revisions\/2454"}],"up":[{"embeddable":true,"href":"https:\/\/www.bowier-trust.org\/en_us\/wp-json\/wp\/v2\/pages\/13"}],"wp:featuredmedia":[{"embeddable":true,"href":"https:\/\/www.bowier-trust.org\/en_us\/wp-json\/wp\/v2\/media\/695"}],"wp:attachment":[{"href":"https:\/\/www.bowier-trust.org\/en_us\/wp-json\/wp\/v2\/media?parent=1998"}],"curies":[{"name":"wp","href":"https:\/\/api.w.org\/{rel}","templated":true}]}}