{"id":847,"date":"2018-01-22T13:28:55","date_gmt":"2018-01-22T13:28:55","guid":{"rendered":"https:\/\/www.bowier-trust.org\/?page_id=847"},"modified":"2021-12-28T08:46:14","modified_gmt":"2021-12-28T08:46:14","slug":"inside-liberia","status":"publish","type":"page","link":"https:\/\/www.bowier-trust.org\/en_us\/projects\/inside-liberia\/","title":{"rendered":"Inside Liberia"},"content":{"rendered":"<div data-elementor-type=\"wp-page\" data-elementor-id=\"847\" class=\"elementor elementor-847\" data-elementor-post-type=\"page\">\n\t\t\t\t\t\t<section class=\"elementor-section elementor-top-section elementor-element elementor-element-68e05add elementor-section-boxed elementor-section-height-default elementor-section-height-default\" data-id=\"68e05add\" data-element_type=\"section\" data-e-type=\"section\">\n\t\t\t\t\t\t<div class=\"elementor-container elementor-column-gap-default\">\n\t\t\t\t\t<div class=\"elementor-column elementor-col-100 elementor-top-column elementor-element elementor-element-5328a8a3\" data-id=\"5328a8a3\" data-element_type=\"column\" data-e-type=\"column\">\n\t\t\t<div class=\"elementor-widget-wrap elementor-element-populated\">\n\t\t\t\t\t\t<div class=\"elementor-element elementor-element-de473bd elementor-widget elementor-widget-heading\" data-id=\"de473bd\" data-element_type=\"widget\" data-e-type=\"widget\" data-widget_type=\"heading.default\">\n\t\t\t\t<div class=\"elementor-widget-container\">\n\t\t\t\t\t<h2 class=\"elementor-heading-title elementor-size-default\">Inside Liberia<\/h2>\t\t\t\t<\/div>\n\t\t\t\t<\/div>\n\t\t\t\t<div class=\"elementor-element elementor-element-78920cf4 elementor-widget elementor-widget-text-editor\" data-id=\"78920cf4\" data-element_type=\"widget\" data-e-type=\"widget\" data-widget_type=\"text-editor.default\">\n\t\t\t\t<div class=\"elementor-widget-container\">\n\t\t\t\t\t\t\t\t\t<h3><strong>HELP TO <\/strong><strong>SELF-HELP IN <\/strong><strong>LIBERIA<\/strong><strong>, WEST <\/strong><strong>AFRICA<\/strong><\/h3>\n<p>Dr. Burkhard Luber (peace researcher) is a friend of our Foundation Board President Felix Walz. He recently spoke in his distance learning course for the BTFS team in Monrovia about the so called \"New Wars\" in our time. He points out the differences of today's civil wars in the southern countries compared to the \"old wars\" of the 20th century:<\/p>\n<p>For me, these are also evidence of the many instabilities in the world. The saber rattling of the great rulers; states of war and terror which fuel the fears. Where are the boundaries between peace and war still visible today?<\/p>\n<p>Refugees, climate change, fake news, cybercrime, radicalization, social media, natural disasters, scarcity of raw materials, and epidemic phenomena create additional areas of tension. In parallel, countless aid organizations, NGOs, and individualists who \"want to help\" are on the move in these arenas.<\/p>\n<p>While alliances on one side, seemingly well-moneyed, carry out destabilizing actions, the efforts of humanitarian organizations appear to have more of a \"drop in the bucket\" effect.<\/p>\n<p>Statt geeint gemeinsame und wirkungsvolle Strategien zu entwickeln und zu realisieren, macht jeder was er f\u00fcr richtig h\u00e4lt. Geschenke hier, Geldtransfer dort und alle sind gl\u00fccklich, weil man ja sozial war?<\/p>\n<p><strong>Our foundation relies on cooperation with the consistent involvement of the needy population. In this way, the most pressing problems can be localized \"on the ground\", goals formulated and only then realized in concrete projects.\u00a0\u00a0 - In this way we can meet the demands of&nbsp;<\/strong><strong>\"HELPING YOURSELF to do justice\" -&nbsp;<\/strong>Felix F. Walz Bowier Trust Foundation Switzerland<\/p><p><br><\/p>\n<p><a href=\"https:\/\/www.bowier-trust.org\/wp-content\/uploads\/2018\/12\/Grafik1.jpg\"><img decoding=\"async\" class=\"alignnone size-medium wp-image-1208\" src=\"https:\/\/www.bowier-trust.org\/wp-content\/uploads\/2018\/12\/Grafik1-300x148.jpg\" alt=\"\" width=\"300\" height=\"148\" srcset=\"https:\/\/www.bowier-trust.org\/wp-content\/uploads\/2018\/12\/Grafik1-300x148.jpg 300w, https:\/\/www.bowier-trust.org\/wp-content\/uploads\/2018\/12\/Grafik1-768x379.jpg 768w, https:\/\/www.bowier-trust.org\/wp-content\/uploads\/2018\/12\/Grafik1-1024x505.jpg 1024w, https:\/\/www.bowier-trust.org\/wp-content\/uploads\/2018\/12\/Grafik1-640x316.jpg 640w, https:\/\/www.bowier-trust.org\/wp-content\/uploads\/2018\/12\/Grafik1-568x280.jpg 568w, https:\/\/www.bowier-trust.org\/wp-content\/uploads\/2018\/12\/Grafik1.jpg 1612w\" sizes=\"(max-width: 300px) 100vw, 300px\" \/><\/a><\/p>\n<p><a href=\"https:\/\/www.bowier-trust.org\/wp-content\/uploads\/2018\/12\/Grafik2.jpg\"><img decoding=\"async\" class=\"alignnone size-medium wp-image-1209\" src=\"https:\/\/www.bowier-trust.org\/wp-content\/uploads\/2018\/12\/Grafik2-300x166.jpg\" alt=\"\" width=\"300\" height=\"166\" srcset=\"https:\/\/www.bowier-trust.org\/wp-content\/uploads\/2018\/12\/Grafik2-300x166.jpg 300w, https:\/\/www.bowier-trust.org\/wp-content\/uploads\/2018\/12\/Grafik2-768x424.jpg 768w, https:\/\/www.bowier-trust.org\/wp-content\/uploads\/2018\/12\/Grafik2-1024x565.jpg 1024w, https:\/\/www.bowier-trust.org\/wp-content\/uploads\/2018\/12\/Grafik2-640x353.jpg 640w, https:\/\/www.bowier-trust.org\/wp-content\/uploads\/2018\/12\/Grafik2-507x280.jpg 507w, https:\/\/www.bowier-trust.org\/wp-content\/uploads\/2018\/12\/Grafik2.jpg 1368w\" sizes=\"(max-width: 300px) 100vw, 300px\" \/><\/a><\/p><p><br><\/p>\n<h2>Report of the <em><strong>Carver Mission Clinic<\/strong><\/em> Administrator<\/h2>\n<p>\"Well - I'm Theresa Alpha - the administrator of the Carver Mission Clinic, which is located at Carver Mission Academy. We have had a very good working relationship with BTFS for about a year. Currently, we have received medical donations and this is the second time. The first donation was in May 2019 when we received medical supplies and medications. BTFS promised to come back in November to conduct a training program for nurses and our staff. This training was very successful and our students were also allowed to participate. I personally think the training is very good. We are in a third world country and what our nurses learned during the training are procedures that they use in their daily lives. We have received medicines, antibiotics, painkillers and hospital shoes for our staff to wear proudly. In addition, we have received baby food because Liberia still has malnourished children and we use the food for that purpose. Also, we have a Nurse College where we train our nurses in practical procedures where they learn how to check vital signs on a patient, how to take care of patients, how to handle CPR (resuscitation) and many other measures. The school also teaches students how to insert an NGT (nasal tube) and how to perform the specific treatment claims for women and men. For this reason, we decided to share some of the medical equipment from BTFS (Spital Linth) with the Demo Lab staff. We received surgical gloves for examination and other items for our clinic. Marcel <em>(Note by F. Walz: Marcel Buchmann, Head of Nursing, LINTH Hospital)<\/em> did an assessment of our conditions in May 2019 and we look forward to that collaboration continuing. We say thank you to BTFS and can't wait until Marcel is back\"<\/p>\n<p><em>(Translation: Felix F. Walz)<\/em><\/p>\t\t\t\t\t\t\t\t<\/div>\n\t\t\t\t<\/div>\n\t\t\t\t\t<\/div>\n\t\t<\/div>\n\t\t\t\t\t<\/div>\n\t\t<\/section>\n\t\t\t\t<\/div>","protected":false},"excerpt":{"rendered":"<p>Inside Liberia HILFE ZUR SELBSTHILFE IN LIBERIA, WEST AFRICA Dr. Burkhard Luber (Friedensforscher) ist ein Freund unseres Stiftungsratspr\u00e4sidenten Felix Walz. Er sprach k\u00fcrzlich in seinem Fernstudienkurs f\u00fcr das BTFS-Team in Monrovia von den sog. &#8222;Neuen Kriegen&#8220; in unserer Zeit. Er verweist auf die Unterschiede der heutigen B\u00fcrgerkriege in den s\u00fcdlichen L\u00e4ndern im Vergleich zu den [&hellip;]<\/p>\n","protected":false},"author":3,"featured_media":964,"parent":194,"menu_order":0,"comment_status":"closed","ping_status":"closed","template":"elementor_header_footer","meta":{"give_campaign_id":0,"_monsterinsights_skip_tracking":false,"_monsterinsights_sitenote_active":false,"_monsterinsights_sitenote_note":"","_monsterinsights_sitenote_category":0,"footnotes":""},"class_list":["post-847","page","type-page","status-publish","has-post-thumbnail","hentry"],"yoast_head":"<!-- This site is optimized with the Yoast SEO plugin v27.4 - https:\/\/yoast.com\/product\/yoast-seo-wordpress\/ -->\n<title>Inside Liberia - Bowier Trust Foundation Switzerland<\/title>\n<meta name=\"robots\" content=\"index, follow, max-snippet:-1, max-image-preview:large, max-video-preview:-1\" \/>\n<link rel=\"canonical\" href=\"https:\/\/www.bowier-trust.org\/en_us\/projects\/inside-liberia\/\" \/>\n<meta property=\"og:locale\" content=\"en_US\" \/>\n<meta property=\"og:type\" content=\"article\" \/>\n<meta property=\"og:title\" content=\"Inside Liberia - Bowier Trust Foundation Switzerland\" \/>\n<meta property=\"og:description\" content=\"Inside Liberia HILFE ZUR SELBSTHILFE IN LIBERIA, WEST AFRICA Dr. Burkhard Luber (Friedensforscher) ist ein Freund unseres Stiftungsratspr\u00e4sidenten Felix Walz. Er sprach k\u00fcrzlich in seinem Fernstudienkurs f\u00fcr das BTFS-Team in Monrovia von den sog. &#8222;Neuen Kriegen&#8220; in unserer Zeit. Er verweist auf die Unterschiede der heutigen B\u00fcrgerkriege in den s\u00fcdlichen L\u00e4ndern im Vergleich zu den [&hellip;]\" \/>\n<meta property=\"og:url\" content=\"https:\/\/www.bowier-trust.org\/en_us\/projects\/inside-liberia\/\" \/>\n<meta property=\"og:site_name\" content=\"Bowier Trust Foundation Switzerland\" \/>\n<meta property=\"article:modified_time\" content=\"2021-12-28T08:46:14+00:00\" \/>\n<meta property=\"og:image\" content=\"https:\/\/www.bowier-trust.org\/wp-content\/uploads\/2018\/02\/Welcome_Inside-Liberia.jpg\" \/>\n\t<meta property=\"og:image:width\" content=\"920\" \/>\n\t<meta property=\"og:image:height\" content=\"269\" \/>\n\t<meta property=\"og:image:type\" content=\"image\/jpeg\" \/>\n<meta name=\"twitter:card\" content=\"summary_large_image\" \/>\n<meta name=\"twitter:label1\" content=\"Est. reading time\" \/>\n\t<meta name=\"twitter:data1\" content=\"3 minutes\" \/>\n<script type=\"application\/ld+json\" class=\"yoast-schema-graph\">{\"@context\":\"https:\\\/\\\/schema.org\",\"@graph\":[{\"@type\":\"WebPage\",\"@id\":\"https:\\\/\\\/www.bowier-trust.org\\\/projects\\\/inside-liberia\\\/\",\"url\":\"https:\\\/\\\/www.bowier-trust.org\\\/projects\\\/inside-liberia\\\/\",\"name\":\"Inside Liberia - Bowier Trust Foundation Switzerland\",\"isPartOf\":{\"@id\":\"https:\\\/\\\/www.bowier-trust.org\\\/#website\"},\"primaryImageOfPage\":{\"@id\":\"https:\\\/\\\/www.bowier-trust.org\\\/projects\\\/inside-liberia\\\/#primaryimage\"},\"image\":{\"@id\":\"https:\\\/\\\/www.bowier-trust.org\\\/projects\\\/inside-liberia\\\/#primaryimage\"},\"thumbnailUrl\":\"https:\\\/\\\/www.bowier-trust.org\\\/wp-content\\\/uploads\\\/2018\\\/02\\\/Welcome_Inside-Liberia.jpg\",\"datePublished\":\"2018-01-22T13:28:55+00:00\",\"dateModified\":\"2021-12-28T08:46:14+00:00\",\"breadcrumb\":{\"@id\":\"https:\\\/\\\/www.bowier-trust.org\\\/projects\\\/inside-liberia\\\/#breadcrumb\"},\"inLanguage\":\"en-US\",\"potentialAction\":[{\"@type\":\"ReadAction\",\"target\":[\"https:\\\/\\\/www.bowier-trust.org\\\/projects\\\/inside-liberia\\\/\"]}]},{\"@type\":\"ImageObject\",\"inLanguage\":\"en-US\",\"@id\":\"https:\\\/\\\/www.bowier-trust.org\\\/projects\\\/inside-liberia\\\/#primaryimage\",\"url\":\"https:\\\/\\\/www.bowier-trust.org\\\/wp-content\\\/uploads\\\/2018\\\/02\\\/Welcome_Inside-Liberia.jpg\",\"contentUrl\":\"https:\\\/\\\/www.bowier-trust.org\\\/wp-content\\\/uploads\\\/2018\\\/02\\\/Welcome_Inside-Liberia.jpg\",\"width\":920,\"height\":269},{\"@type\":\"BreadcrumbList\",\"@id\":\"https:\\\/\\\/www.bowier-trust.org\\\/projects\\\/inside-liberia\\\/#breadcrumb\",\"itemListElement\":[{\"@type\":\"ListItem\",\"position\":1,\"name\":\"Startseite\",\"item\":\"https:\\\/\\\/www.bowier-trust.org\\\/\"},{\"@type\":\"ListItem\",\"position\":2,\"name\":\"Projekte\",\"item\":\"https:\\\/\\\/www.bowier-trust.org\\\/projects\\\/\"},{\"@type\":\"ListItem\",\"position\":3,\"name\":\"Inside Liberia\"}]},{\"@type\":\"WebSite\",\"@id\":\"https:\\\/\\\/www.bowier-trust.org\\\/#website\",\"url\":\"https:\\\/\\\/www.bowier-trust.org\\\/\",\"name\":\"Bowier Trust Foundation Switzerland\",\"description\":\"\",\"publisher\":{\"@id\":\"https:\\\/\\\/www.bowier-trust.org\\\/#organization\"},\"potentialAction\":[{\"@type\":\"SearchAction\",\"target\":{\"@type\":\"EntryPoint\",\"urlTemplate\":\"https:\\\/\\\/www.bowier-trust.org\\\/?s={search_term_string}\"},\"query-input\":{\"@type\":\"PropertyValueSpecification\",\"valueRequired\":true,\"valueName\":\"search_term_string\"}}],\"inLanguage\":\"en-US\"},{\"@type\":\"Organization\",\"@id\":\"https:\\\/\\\/www.bowier-trust.org\\\/#organization\",\"name\":\"Bowier Trust Foundation Switzerland\",\"url\":\"https:\\\/\\\/www.bowier-trust.org\\\/\",\"logo\":{\"@type\":\"ImageObject\",\"inLanguage\":\"en-US\",\"@id\":\"https:\\\/\\\/www.bowier-trust.org\\\/#\\\/schema\\\/logo\\\/image\\\/\",\"url\":\"https:\\\/\\\/www.bowier-trust.org\\\/wp-content\\\/uploads\\\/2022\\\/01\\\/BTFS-Logo-Original-removebg.png\",\"contentUrl\":\"https:\\\/\\\/www.bowier-trust.org\\\/wp-content\\\/uploads\\\/2022\\\/01\\\/BTFS-Logo-Original-removebg.png\",\"width\":445,\"height\":561,\"caption\":\"Bowier Trust Foundation Switzerland\"},\"image\":{\"@id\":\"https:\\\/\\\/www.bowier-trust.org\\\/#\\\/schema\\\/logo\\\/image\\\/\"},\"sameAs\":[\"https:\\\/\\\/www.instagram.com\\\/btfs_liberia\\\/\"]}]}<\/script>\n<!-- \/ Yoast SEO plugin. -->","yoast_head_json":{"title":"Inside Liberia - Bowier Trust Foundation Switzerland","robots":{"index":"index","follow":"follow","max-snippet":"max-snippet:-1","max-image-preview":"max-image-preview:large","max-video-preview":"max-video-preview:-1"},"canonical":"https:\/\/www.bowier-trust.org\/en_us\/projects\/inside-liberia\/","og_locale":"en_US","og_type":"article","og_title":"Inside Liberia - Bowier Trust Foundation Switzerland","og_description":"Inside Liberia HILFE ZUR SELBSTHILFE IN LIBERIA, WEST AFRICA Dr. Burkhard Luber (Friedensforscher) ist ein Freund unseres Stiftungsratspr\u00e4sidenten Felix Walz. Er sprach k\u00fcrzlich in seinem Fernstudienkurs f\u00fcr das BTFS-Team in Monrovia von den sog. &#8222;Neuen Kriegen&#8220; in unserer Zeit. Er verweist auf die Unterschiede der heutigen B\u00fcrgerkriege in den s\u00fcdlichen L\u00e4ndern im Vergleich zu den [&hellip;]","og_url":"https:\/\/www.bowier-trust.org\/en_us\/projects\/inside-liberia\/","og_site_name":"Bowier Trust Foundation Switzerland","article_modified_time":"2021-12-28T08:46:14+00:00","og_image":[{"width":920,"height":269,"url":"https:\/\/www.bowier-trust.org\/wp-content\/uploads\/2018\/02\/Welcome_Inside-Liberia.jpg","type":"image\/jpeg"}],"twitter_card":"summary_large_image","twitter_misc":{"Est. reading time":"3 minutes"},"schema":{"@context":"https:\/\/schema.org","@graph":[{"@type":"WebPage","@id":"https:\/\/www.bowier-trust.org\/projects\/inside-liberia\/","url":"https:\/\/www.bowier-trust.org\/projects\/inside-liberia\/","name":"Inside Liberia - Bowier Trust Foundation Switzerland","isPartOf":{"@id":"https:\/\/www.bowier-trust.org\/#website"},"primaryImageOfPage":{"@id":"https:\/\/www.bowier-trust.org\/projects\/inside-liberia\/#primaryimage"},"image":{"@id":"https:\/\/www.bowier-trust.org\/projects\/inside-liberia\/#primaryimage"},"thumbnailUrl":"https:\/\/www.bowier-trust.org\/wp-content\/uploads\/2018\/02\/Welcome_Inside-Liberia.jpg","datePublished":"2018-01-22T13:28:55+00:00","dateModified":"2021-12-28T08:46:14+00:00","breadcrumb":{"@id":"https:\/\/www.bowier-trust.org\/projects\/inside-liberia\/#breadcrumb"},"inLanguage":"en-US","potentialAction":[{"@type":"ReadAction","target":["https:\/\/www.bowier-trust.org\/projects\/inside-liberia\/"]}]},{"@type":"ImageObject","inLanguage":"en-US","@id":"https:\/\/www.bowier-trust.org\/projects\/inside-liberia\/#primaryimage","url":"https:\/\/www.bowier-trust.org\/wp-content\/uploads\/2018\/02\/Welcome_Inside-Liberia.jpg","contentUrl":"https:\/\/www.bowier-trust.org\/wp-content\/uploads\/2018\/02\/Welcome_Inside-Liberia.jpg","width":920,"height":269},{"@type":"BreadcrumbList","@id":"https:\/\/www.bowier-trust.org\/projects\/inside-liberia\/#breadcrumb","itemListElement":[{"@type":"ListItem","position":1,"name":"Startseite","item":"https:\/\/www.bowier-trust.org\/"},{"@type":"ListItem","position":2,"name":"Projekte","item":"https:\/\/www.bowier-trust.org\/projects\/"},{"@type":"ListItem","position":3,"name":"Inside Liberia"}]},{"@type":"WebSite","@id":"https:\/\/www.bowier-trust.org\/#website","url":"https:\/\/www.bowier-trust.org\/","name":"Bowier Trust Foundation Switzerland","description":"","publisher":{"@id":"https:\/\/www.bowier-trust.org\/#organization"},"potentialAction":[{"@type":"SearchAction","target":{"@type":"EntryPoint","urlTemplate":"https:\/\/www.bowier-trust.org\/?s={search_term_string}"},"query-input":{"@type":"PropertyValueSpecification","valueRequired":true,"valueName":"search_term_string"}}],"inLanguage":"en-US"},{"@type":"Organization","@id":"https:\/\/www.bowier-trust.org\/#organization","name":"Bowier Trust Foundation Switzerland","url":"https:\/\/www.bowier-trust.org\/","logo":{"@type":"ImageObject","inLanguage":"en-US","@id":"https:\/\/www.bowier-trust.org\/#\/schema\/logo\/image\/","url":"https:\/\/www.bowier-trust.org\/wp-content\/uploads\/2022\/01\/BTFS-Logo-Original-removebg.png","contentUrl":"https:\/\/www.bowier-trust.org\/wp-content\/uploads\/2022\/01\/BTFS-Logo-Original-removebg.png","width":445,"height":561,"caption":"Bowier Trust Foundation Switzerland"},"image":{"@id":"https:\/\/www.bowier-trust.org\/#\/schema\/logo\/image\/"},"sameAs":["https:\/\/www.instagram.com\/btfs_liberia\/"]}]}},"campaignId":"","_links":{"self":[{"href":"https:\/\/www.bowier-trust.org\/en_us\/wp-json\/wp\/v2\/pages\/847","targetHints":{"allow":["GET"]}}],"collection":[{"href":"https:\/\/www.bowier-trust.org\/en_us\/wp-json\/wp\/v2\/pages"}],"about":[{"href":"https:\/\/www.bowier-trust.org\/en_us\/wp-json\/wp\/v2\/types\/page"}],"author":[{"embeddable":true,"href":"https:\/\/www.bowier-trust.org\/en_us\/wp-json\/wp\/v2\/users\/3"}],"replies":[{"embeddable":true,"href":"https:\/\/www.bowier-trust.org\/en_us\/wp-json\/wp\/v2\/comments?post=847"}],"version-history":[{"count":36,"href":"https:\/\/www.bowier-trust.org\/en_us\/wp-json\/wp\/v2\/pages\/847\/revisions"}],"predecessor-version":[{"id":2224,"href":"https:\/\/www.bowier-trust.org\/en_us\/wp-json\/wp\/v2\/pages\/847\/revisions\/2224"}],"up":[{"embeddable":true,"href":"https:\/\/www.bowier-trust.org\/en_us\/wp-json\/wp\/v2\/pages\/194"}],"wp:featuredmedia":[{"embeddable":true,"href":"https:\/\/www.bowier-trust.org\/en_us\/wp-json\/wp\/v2\/media\/964"}],"wp:attachment":[{"href":"https:\/\/www.bowier-trust.org\/en_us\/wp-json\/wp\/v2\/media?parent=847"}],"curies":[{"name":"wp","href":"https:\/\/api.w.org\/{rel}","templated":true}]}}