{"id":931,"date":"2018-02-11T11:03:04","date_gmt":"2018-02-11T11:03:04","guid":{"rendered":"https:\/\/www.bowier-trust.org\/?page_id=931"},"modified":"2021-12-24T09:14:07","modified_gmt":"2021-12-24T09:14:07","slug":"12-februar-red-hand-day","status":"publish","type":"page","link":"https:\/\/www.bowier-trust.org\/en_us\/12-februar-red-hand-day\/","title":{"rendered":"Internationaler Tag gegen Einsatz von Kindersoldaten"},"content":{"rendered":"<div data-elementor-type=\"wp-page\" data-elementor-id=\"931\" class=\"elementor elementor-931\" data-elementor-post-type=\"page\">\n\t\t\t\t\t\t<section class=\"elementor-section elementor-top-section elementor-element elementor-element-1e9add8a elementor-section-boxed elementor-section-height-default elementor-section-height-default\" data-id=\"1e9add8a\" data-element_type=\"section\" data-e-type=\"section\">\n\t\t\t\t\t\t<div class=\"elementor-container elementor-column-gap-default\">\n\t\t\t\t\t<div class=\"elementor-column elementor-col-100 elementor-top-column elementor-element elementor-element-3f5e9495\" data-id=\"3f5e9495\" data-element_type=\"column\" data-e-type=\"column\">\n\t\t\t<div class=\"elementor-widget-wrap elementor-element-populated\">\n\t\t\t\t\t\t<div class=\"elementor-element elementor-element-1b9c361 elementor-widget elementor-widget-heading\" data-id=\"1b9c361\" data-element_type=\"widget\" data-e-type=\"widget\" data-widget_type=\"heading.default\">\n\t\t\t\t<div class=\"elementor-widget-container\">\n\t\t\t\t\t<h2 class=\"elementor-heading-title elementor-size-default\">12th of February - RED HAND DAY<\/h2>\t\t\t\t<\/div>\n\t\t\t\t<\/div>\n\t\t\t\t<div class=\"elementor-element elementor-element-6b1a7e1 elementor-widget elementor-widget-spacer\" data-id=\"6b1a7e1\" data-element_type=\"widget\" data-e-type=\"widget\" data-widget_type=\"spacer.default\">\n\t\t\t\t<div class=\"elementor-widget-container\">\n\t\t\t\t\t\t\t<div class=\"elementor-spacer\">\n\t\t\t<div class=\"elementor-spacer-inner\"><\/div>\n\t\t<\/div>\n\t\t\t\t\t\t<\/div>\n\t\t\t\t<\/div>\n\t\t\t\t<div class=\"elementor-element elementor-element-448712a8 elementor-widget elementor-widget-text-editor\" data-id=\"448712a8\" data-element_type=\"widget\" data-e-type=\"widget\" data-widget_type=\"text-editor.default\">\n\t\t\t\t<div class=\"elementor-widget-container\">\n\t\t\t\t\t\t\t\t\t<p>In Liberia, the 14-year civil war is hopefully a thing of the past. After the civil war and the Ebola epidemic, the first democratic presidential elections took place this year.<\/p><p><span style=\"color: #800000;\"><b>Yet hundreds of thousands of children and young people around the world are abused to fight as soldiers in wars and armed conflicts. Every year on February 12, the International Day against the Use of Child Soldiers draws attention to their fate. <\/b><strong>Please read the full report on t<\/strong><strong>he H<\/strong><strong>omepage of<\/strong><strong> ge<\/strong><b>rman <a href=\"http:\/\/www.bpb.de\/politik\/hintergrund-aktuell\/220481\/kindersoldaten\">Federal Agency for Civic Education<\/a><\/b><b>.<\/b><\/span><\/p><p><span style=\"color: #800000;\"><strong><em>As an NGO, the Bowier Trust Foundation Switzerland actively promotes the reintegration of former child soldiers into Liberia's society based on the rule of law. Taylor's former soldiers are now between 25 and 35 years old, some of these former child soldiers were forcibly recruited at the age of 9.\u00a0<\/em><\/strong><\/span><\/p><p><span style=\"color: #000000;\"><strong>Links:<\/strong><\/span><\/p><p><strong><a href=\"https:\/\/www.eda.admin.ch\/eda\/de\/home\/aktuell\/dossiers\/alle-dossiers\/schweizer-einsatz-fuer-kindersoldaten.html\">DFA - Swiss commitment for child soldiers<\/a><\/strong><\/p><p><strong>FDFA: Swiss Action Plan for the Protection of Children:\u00a0<a href=\"https:\/\/www.bowier-trust.org\/wp-content\/uploads\/2018\/02\/EDA_Strategie_Kindersoldaten_141007_DE.pdf\">DFA_strategy_child_soldiers_141007_EN<\/a><\/strong><\/p><p><a href=\"https:\/\/www.child-soldiers.org\/where-are-there-child-soldiers\"><strong>Kindersoldaten International<\/strong><\/a><\/p><p><a href=\"http:\/\/www.bpb.de\/politik\/hintergrund-aktuell\/220481\/kindersoldaten\"><strong>German Federal Agency for Civic Education<\/strong><\/a><\/p><p><strong><a href=\"http:\/\/www.un.org\/youthenvoy\/2015\/02\/4-10-child-soldiers-girls\/\">United Nations &#8211; Uniting for Youth<\/a><\/strong><\/p>\t\t\t\t\t\t\t\t<\/div>\n\t\t\t\t<\/div>\n\t\t\t\t\t<\/div>\n\t\t<\/div>\n\t\t\t\t\t<\/div>\n\t\t<\/section>\n\t\t\t\t<\/div>","protected":false},"excerpt":{"rendered":"<p>12. Februar &#8211; RED HAND DAY In Liberia geh\u00f6rt der 14 j\u00e4hrige B\u00fcrgerkrieg hoffentlich f\u00fcr immer der Vergangenheit an. Dieser dauerte von 1989 bis 2003. Nach dem B\u00fcrgerkrieg und der Ebola-Epidemie haben dieses Jahr die ersten demokratischen Pr\u00e4sidentschaftswahlen stattgefunden. Dennoch werden hunderttausende Kinder und Jugendliche auf der ganzen Welt dazu missbraucht, als Soldaten in Kriegen [&hellip;]<\/p>\n","protected":false},"author":3,"featured_media":927,"parent":0,"menu_order":0,"comment_status":"closed","ping_status":"closed","template":"elementor_header_footer","meta":{"give_campaign_id":0,"_monsterinsights_skip_tracking":false,"_monsterinsights_sitenote_active":false,"_monsterinsights_sitenote_note":"","_monsterinsights_sitenote_category":0,"footnotes":""},"class_list":["post-931","page","type-page","status-publish","has-post-thumbnail","hentry"],"yoast_head":"<!-- This site is optimized with the Yoast SEO plugin v27.5 - https:\/\/yoast.com\/product\/yoast-seo-wordpress\/ -->\n<title>Internationaler Tag gegen Einsatz von Kindersoldaten - Bowier Trust Foundation Switzerland<\/title>\n<meta name=\"robots\" content=\"index, follow, max-snippet:-1, max-image-preview:large, max-video-preview:-1\" \/>\n<link rel=\"canonical\" href=\"https:\/\/www.bowier-trust.org\/en_us\/12-februar-red-hand-day\/\" \/>\n<meta property=\"og:locale\" content=\"en_US\" \/>\n<meta property=\"og:type\" content=\"article\" \/>\n<meta property=\"og:title\" content=\"Internationaler Tag gegen Einsatz von Kindersoldaten - Bowier Trust Foundation Switzerland\" \/>\n<meta property=\"og:description\" content=\"12. Februar &#8211; RED HAND DAY In Liberia geh\u00f6rt der 14 j\u00e4hrige B\u00fcrgerkrieg hoffentlich f\u00fcr immer der Vergangenheit an. Dieser dauerte von 1989 bis 2003. Nach dem B\u00fcrgerkrieg und der Ebola-Epidemie haben dieses Jahr die ersten demokratischen Pr\u00e4sidentschaftswahlen stattgefunden. Dennoch werden hunderttausende Kinder und Jugendliche auf der ganzen Welt dazu missbraucht, als Soldaten in Kriegen [&hellip;]\" \/>\n<meta property=\"og:url\" content=\"https:\/\/www.bowier-trust.org\/en_us\/12-februar-red-hand-day\/\" \/>\n<meta property=\"og:site_name\" content=\"Bowier Trust Foundation Switzerland\" \/>\n<meta property=\"article:modified_time\" content=\"2021-12-24T09:14:07+00:00\" \/>\n<meta property=\"og:image\" content=\"https:\/\/www.bowier-trust.org\/wp-content\/uploads\/2018\/02\/Red-Hand-Day-HP-Version2.jpg\" \/>\n\t<meta property=\"og:image:width\" content=\"1351\" \/>\n\t<meta property=\"og:image:height\" content=\"811\" \/>\n\t<meta property=\"og:image:type\" content=\"image\/jpeg\" \/>\n<meta name=\"twitter:card\" content=\"summary_large_image\" \/>\n<meta name=\"twitter:label1\" content=\"Est. reading time\" \/>\n\t<meta name=\"twitter:data1\" content=\"1 minute\" \/>\n<script type=\"application\/ld+json\" class=\"yoast-schema-graph\">{\"@context\":\"https:\\\/\\\/schema.org\",\"@graph\":[{\"@type\":\"WebPage\",\"@id\":\"https:\\\/\\\/www.bowier-trust.org\\\/12-februar-red-hand-day\\\/\",\"url\":\"https:\\\/\\\/www.bowier-trust.org\\\/12-februar-red-hand-day\\\/\",\"name\":\"Internationaler Tag gegen Einsatz von Kindersoldaten - Bowier Trust Foundation Switzerland\",\"isPartOf\":{\"@id\":\"https:\\\/\\\/www.bowier-trust.org\\\/#website\"},\"primaryImageOfPage\":{\"@id\":\"https:\\\/\\\/www.bowier-trust.org\\\/12-februar-red-hand-day\\\/#primaryimage\"},\"image\":{\"@id\":\"https:\\\/\\\/www.bowier-trust.org\\\/12-februar-red-hand-day\\\/#primaryimage\"},\"thumbnailUrl\":\"https:\\\/\\\/www.bowier-trust.org\\\/wp-content\\\/uploads\\\/2018\\\/02\\\/Red-Hand-Day-HP-Version2.jpg\",\"datePublished\":\"2018-02-11T11:03:04+00:00\",\"dateModified\":\"2021-12-24T09:14:07+00:00\",\"breadcrumb\":{\"@id\":\"https:\\\/\\\/www.bowier-trust.org\\\/12-februar-red-hand-day\\\/#breadcrumb\"},\"inLanguage\":\"en-US\",\"potentialAction\":[{\"@type\":\"ReadAction\",\"target\":[\"https:\\\/\\\/www.bowier-trust.org\\\/12-februar-red-hand-day\\\/\"]}]},{\"@type\":\"ImageObject\",\"inLanguage\":\"en-US\",\"@id\":\"https:\\\/\\\/www.bowier-trust.org\\\/12-februar-red-hand-day\\\/#primaryimage\",\"url\":\"https:\\\/\\\/www.bowier-trust.org\\\/wp-content\\\/uploads\\\/2018\\\/02\\\/Red-Hand-Day-HP-Version2.jpg\",\"contentUrl\":\"https:\\\/\\\/www.bowier-trust.org\\\/wp-content\\\/uploads\\\/2018\\\/02\\\/Red-Hand-Day-HP-Version2.jpg\",\"width\":1351,\"height\":811},{\"@type\":\"BreadcrumbList\",\"@id\":\"https:\\\/\\\/www.bowier-trust.org\\\/12-februar-red-hand-day\\\/#breadcrumb\",\"itemListElement\":[{\"@type\":\"ListItem\",\"position\":1,\"name\":\"Startseite\",\"item\":\"https:\\\/\\\/www.bowier-trust.org\\\/\"},{\"@type\":\"ListItem\",\"position\":2,\"name\":\"Internationaler Tag gegen Einsatz von Kindersoldaten\"}]},{\"@type\":\"WebSite\",\"@id\":\"https:\\\/\\\/www.bowier-trust.org\\\/#website\",\"url\":\"https:\\\/\\\/www.bowier-trust.org\\\/\",\"name\":\"Bowier Trust Foundation Switzerland\",\"description\":\"\",\"publisher\":{\"@id\":\"https:\\\/\\\/www.bowier-trust.org\\\/#organization\"},\"potentialAction\":[{\"@type\":\"SearchAction\",\"target\":{\"@type\":\"EntryPoint\",\"urlTemplate\":\"https:\\\/\\\/www.bowier-trust.org\\\/?s={search_term_string}\"},\"query-input\":{\"@type\":\"PropertyValueSpecification\",\"valueRequired\":true,\"valueName\":\"search_term_string\"}}],\"inLanguage\":\"en-US\"},{\"@type\":\"Organization\",\"@id\":\"https:\\\/\\\/www.bowier-trust.org\\\/#organization\",\"name\":\"Bowier Trust Foundation Switzerland\",\"url\":\"https:\\\/\\\/www.bowier-trust.org\\\/\",\"logo\":{\"@type\":\"ImageObject\",\"inLanguage\":\"en-US\",\"@id\":\"https:\\\/\\\/www.bowier-trust.org\\\/#\\\/schema\\\/logo\\\/image\\\/\",\"url\":\"https:\\\/\\\/www.bowier-trust.org\\\/wp-content\\\/uploads\\\/2022\\\/01\\\/BTFS-Logo-Original-removebg.png\",\"contentUrl\":\"https:\\\/\\\/www.bowier-trust.org\\\/wp-content\\\/uploads\\\/2022\\\/01\\\/BTFS-Logo-Original-removebg.png\",\"width\":445,\"height\":561,\"caption\":\"Bowier Trust Foundation Switzerland\"},\"image\":{\"@id\":\"https:\\\/\\\/www.bowier-trust.org\\\/#\\\/schema\\\/logo\\\/image\\\/\"},\"sameAs\":[\"https:\\\/\\\/www.instagram.com\\\/btfs_liberia\\\/\"]}]}<\/script>\n<!-- \/ Yoast SEO plugin. -->","yoast_head_json":{"title":"Internationaler Tag gegen Einsatz von Kindersoldaten - Bowier Trust Foundation Switzerland","robots":{"index":"index","follow":"follow","max-snippet":"max-snippet:-1","max-image-preview":"max-image-preview:large","max-video-preview":"max-video-preview:-1"},"canonical":"https:\/\/www.bowier-trust.org\/en_us\/12-februar-red-hand-day\/","og_locale":"en_US","og_type":"article","og_title":"Internationaler Tag gegen Einsatz von Kindersoldaten - Bowier Trust Foundation Switzerland","og_description":"12. Februar &#8211; RED HAND DAY In Liberia geh\u00f6rt der 14 j\u00e4hrige B\u00fcrgerkrieg hoffentlich f\u00fcr immer der Vergangenheit an. Dieser dauerte von 1989 bis 2003. Nach dem B\u00fcrgerkrieg und der Ebola-Epidemie haben dieses Jahr die ersten demokratischen Pr\u00e4sidentschaftswahlen stattgefunden. Dennoch werden hunderttausende Kinder und Jugendliche auf der ganzen Welt dazu missbraucht, als Soldaten in Kriegen [&hellip;]","og_url":"https:\/\/www.bowier-trust.org\/en_us\/12-februar-red-hand-day\/","og_site_name":"Bowier Trust Foundation Switzerland","article_modified_time":"2021-12-24T09:14:07+00:00","og_image":[{"width":1351,"height":811,"url":"https:\/\/www.bowier-trust.org\/wp-content\/uploads\/2018\/02\/Red-Hand-Day-HP-Version2.jpg","type":"image\/jpeg"}],"twitter_card":"summary_large_image","twitter_misc":{"Est. reading time":"1 minute"},"schema":{"@context":"https:\/\/schema.org","@graph":[{"@type":"WebPage","@id":"https:\/\/www.bowier-trust.org\/12-februar-red-hand-day\/","url":"https:\/\/www.bowier-trust.org\/12-februar-red-hand-day\/","name":"Internationaler Tag gegen Einsatz von Kindersoldaten - Bowier Trust Foundation Switzerland","isPartOf":{"@id":"https:\/\/www.bowier-trust.org\/#website"},"primaryImageOfPage":{"@id":"https:\/\/www.bowier-trust.org\/12-februar-red-hand-day\/#primaryimage"},"image":{"@id":"https:\/\/www.bowier-trust.org\/12-februar-red-hand-day\/#primaryimage"},"thumbnailUrl":"https:\/\/www.bowier-trust.org\/wp-content\/uploads\/2018\/02\/Red-Hand-Day-HP-Version2.jpg","datePublished":"2018-02-11T11:03:04+00:00","dateModified":"2021-12-24T09:14:07+00:00","breadcrumb":{"@id":"https:\/\/www.bowier-trust.org\/12-februar-red-hand-day\/#breadcrumb"},"inLanguage":"en-US","potentialAction":[{"@type":"ReadAction","target":["https:\/\/www.bowier-trust.org\/12-februar-red-hand-day\/"]}]},{"@type":"ImageObject","inLanguage":"en-US","@id":"https:\/\/www.bowier-trust.org\/12-februar-red-hand-day\/#primaryimage","url":"https:\/\/www.bowier-trust.org\/wp-content\/uploads\/2018\/02\/Red-Hand-Day-HP-Version2.jpg","contentUrl":"https:\/\/www.bowier-trust.org\/wp-content\/uploads\/2018\/02\/Red-Hand-Day-HP-Version2.jpg","width":1351,"height":811},{"@type":"BreadcrumbList","@id":"https:\/\/www.bowier-trust.org\/12-februar-red-hand-day\/#breadcrumb","itemListElement":[{"@type":"ListItem","position":1,"name":"Startseite","item":"https:\/\/www.bowier-trust.org\/"},{"@type":"ListItem","position":2,"name":"Internationaler Tag gegen Einsatz von Kindersoldaten"}]},{"@type":"WebSite","@id":"https:\/\/www.bowier-trust.org\/#website","url":"https:\/\/www.bowier-trust.org\/","name":"Bowier Trust Foundation Switzerland","description":"","publisher":{"@id":"https:\/\/www.bowier-trust.org\/#organization"},"potentialAction":[{"@type":"SearchAction","target":{"@type":"EntryPoint","urlTemplate":"https:\/\/www.bowier-trust.org\/?s={search_term_string}"},"query-input":{"@type":"PropertyValueSpecification","valueRequired":true,"valueName":"search_term_string"}}],"inLanguage":"en-US"},{"@type":"Organization","@id":"https:\/\/www.bowier-trust.org\/#organization","name":"Bowier Trust Foundation Switzerland","url":"https:\/\/www.bowier-trust.org\/","logo":{"@type":"ImageObject","inLanguage":"en-US","@id":"https:\/\/www.bowier-trust.org\/#\/schema\/logo\/image\/","url":"https:\/\/www.bowier-trust.org\/wp-content\/uploads\/2022\/01\/BTFS-Logo-Original-removebg.png","contentUrl":"https:\/\/www.bowier-trust.org\/wp-content\/uploads\/2022\/01\/BTFS-Logo-Original-removebg.png","width":445,"height":561,"caption":"Bowier Trust Foundation Switzerland"},"image":{"@id":"https:\/\/www.bowier-trust.org\/#\/schema\/logo\/image\/"},"sameAs":["https:\/\/www.instagram.com\/btfs_liberia\/"]}]}},"campaignId":"","_links":{"self":[{"href":"https:\/\/www.bowier-trust.org\/en_us\/wp-json\/wp\/v2\/pages\/931","targetHints":{"allow":["GET"]}}],"collection":[{"href":"https:\/\/www.bowier-trust.org\/en_us\/wp-json\/wp\/v2\/pages"}],"about":[{"href":"https:\/\/www.bowier-trust.org\/en_us\/wp-json\/wp\/v2\/types\/page"}],"author":[{"embeddable":true,"href":"https:\/\/www.bowier-trust.org\/en_us\/wp-json\/wp\/v2\/users\/3"}],"replies":[{"embeddable":true,"href":"https:\/\/www.bowier-trust.org\/en_us\/wp-json\/wp\/v2\/comments?post=931"}],"version-history":[{"count":21,"href":"https:\/\/www.bowier-trust.org\/en_us\/wp-json\/wp\/v2\/pages\/931\/revisions"}],"predecessor-version":[{"id":2154,"href":"https:\/\/www.bowier-trust.org\/en_us\/wp-json\/wp\/v2\/pages\/931\/revisions\/2154"}],"wp:featuredmedia":[{"embeddable":true,"href":"https:\/\/www.bowier-trust.org\/en_us\/wp-json\/wp\/v2\/media\/927"}],"wp:attachment":[{"href":"https:\/\/www.bowier-trust.org\/en_us\/wp-json\/wp\/v2\/media?parent=931"}],"curies":[{"name":"wp","href":"https:\/\/api.w.org\/{rel}","templated":true}]}}